{"id":719,"date":"2023-04-21T10:32:06","date_gmt":"2023-04-21T10:32:06","guid":{"rendered":"https:\/\/gsajdovscina.si\/?page_id=719"},"modified":"2023-04-23T20:32:28","modified_gmt":"2023-04-23T20:32:28","slug":"politika-zasebnosti","status":"publish","type":"page","link":"https:\/\/gsajdovscina.si\/?page_id=719","title":{"rendered":"Politika zasebnosti"},"content":{"rendered":"<p>[et_pb_section fb_built=&#8221;1&#8243; _builder_version=&#8221;4.17.4&#8243; _module_preset=&#8221;default&#8221; global_colors_info=&#8221;{}&#8221;][et_pb_row _builder_version=&#8221;4.17.4&#8243; _module_preset=&#8221;default&#8221; global_colors_info=&#8221;{}&#8221;][et_pb_column type=&#8221;4_4&#8243; _builder_version=&#8221;4.17.4&#8243; _module_preset=&#8221;default&#8221; global_colors_info=&#8221;{}&#8221;][et_pb_text _builder_version=&#8221;4.17.4&#8243; _module_preset=&#8221;default&#8221; hover_enabled=&#8221;0&#8243; global_colors_info=&#8221;{}&#8221; sticky_enabled=&#8221;0&#8243;]<\/p>\n<h1 style=\"text-align: center;\"><strong><\/strong><\/h1>\n<h1 style=\"text-align: center;\"><strong>INFORMACIJE O OBDELAVI OSEBNIH PODATKOV ZA POSAMEZNIKE<\/strong><\/h1>\n<p><strong><\/strong><\/p>\n<p><strong><\/strong><\/p>\n<h4>1.\u00a0\u00a0\u00a0 UPRAVLJAVEC OSEBNIH PODATKOV<\/h4>\n<p>Glasbena \u0161ola Vinka Vodopivca Ajdov\u0161\u010dina, Cesta 5. maja 7, 5270 Ajdov\u0161\u010dina (v nadaljevanju: \u0161ola)<\/p>\n<p>Odgovorna oseba: Ravnateljica Bernarda Pa\u0161kvan<\/p>\n<p>Elektronski naslov \u0161ole: <a href=\"mailto:info@gsajdovscina.si\">info@gsajdovscina.si<\/a><\/p>\n<h4>2.\u00a0\u00a0\u00a0 POOBLA\u0160\u010cENA OSEBA ZA VARSTVO OSEBNIH PODATKOV<\/h4>\n<p>Poobla\u0161\u010dena oseba za varstvo osebnih podatkov v Glasbeni \u0161oli Vinka Vodopivca Ajdov\u0161\u010dina je mag. Domen Petelin, univ. dipl. pravnik, Kurikulum, \u0161olsko pravno svetovanje, d.o.o., Poklukarjeva 45, 1000 Ljubljana, elektronski naslov: <a href=\"mailto:info@kurikulum.si\">info@kurikulum.si<\/a>, tel. \u0161t.: 031 544 299.<\/p>\n<p>&nbsp;<\/p>\n<p>Posamezniki, na katere se nana\u0161ajo osebni podatki, ki jih obdeluje \u0161ola, imajo mo\u017enost glede vseh vpra\u0161anj, vezanih na obdelavo njihovih osebnih podatkov, samostojno stopiti v stik s poobla\u0161\u010deno osebo za varstvo osebnih podatkov.<\/p>\n<h4>3.\u00a0\u00a0\u00a0 POSAMEZNIKI, NA KATERE SE NANA\u0160AJO OSEBNI PODATKI<\/h4>\n<p>\u0160ola obdeluje osebne podatke v \u0161olo vpisanih in vklju\u010denih u\u010dencev, njihovih zakonitih zastopnikov (kadar gre za mladoletne u\u010dence), delavcev \u0161ole, \u010dlanov organov \u0161ole in morebitnih drugih oseb, katerih osebne podatke obdeluje v skladu z dolo\u010dbami \u010dlena 6 Uredbe (EU) Evropskega parlamenta in Sveta z dne 27. 4. 2016 o varstvu posameznikov pri obdelavi osebnih podatkov ter o prostem pretoku takih podatkov (Splo\u0161na uredba o varstvu podatkov &#8211;\u00a0 GDPR).<\/p>\n<h4>4.\u00a0\u00a0\u00a0 NAMENI IN PRAVNE PODLAGE<\/h4>\n<p>Zaradi izvajanja zakonskih obveznosti, izvajanje javne oblasti in nalog v javnem interesu v skladu s \u010dlenom 6(1)(c) in (e) Splo\u0161ne uredbe o varstvu podatkov v zvezi z drugim odstavkom z drugim odstavkom 6. \u010dlena Zakona o varstvu osebnih podatkov (ZVOP-2) in Zakonom o glasbenih \u0161olah (ZGla) \u0161ola vodi naslednji zbirki osebnih podatkov: zbirka podatkov o u\u010dencih, vpisanih v glasbeno \u0161olo, in star\u0161ih, \u010de gre za mladoletne u\u010dence, zbirka podatkov o napredovanju u\u010dencev, izdanih spri\u010devalih in drugih listinah.<\/p>\n<p>&nbsp;<\/p>\n<p>Obdelave, ki niso opredeljene v evidencah po \u0161olski zakonodaji, so pa <strong>nujno<\/strong> <strong>potrebne za izvajanje javnih nalog in pristojnosti \u0161ole<\/strong>, \u0161ola zbira in obdeluje osebne podatke na podlagi \u010dlena 6(1)(e) Splo\u0161ne uredbe v zvezi s \u010detrtim odstavkom 6. \u010dlena ZVOP-2 (v javnemu sektorju se lahko izjemoma obdelujejo tisti osebni podatki, ki so nujno potrebni za izvr\u0161evanje zakonitih pristojnosti, nalog ali obveznosti javnega sektorja, \u010de se s to obdelavo ne pose\u017ee v upravi\u010den interes posameznika, na katerega se osebni podatki nana\u0161ajo). V tem primeru lahko posamezniki <strong>obdelavi tudi ugovarjajo<\/strong>, pod pogoji iz \u010dlena 21 Splo\u0161ne uredbe o varstvu podatkov.<\/p>\n<p>&nbsp;<\/p>\n<p>Na podlagi \u010dlena 6(1)(b) Splo\u0161ne uredbe o varstvu podatkov \u0161ola zbira in obdeluje tudi osebne podatke, ki so <strong>potrebni<\/strong> <strong>za izvajanje pogodbe<\/strong>.<\/p>\n<p>Za dejavnosti, ki presegajo \u0161olske programe, \u0161ola zbira tudi druge osebne podatke, ki jih zakon ne dolo\u010da in sicer <strong>na podlagi pisne privolitve star\u0161ev<\/strong><strong> mladoletnih u\u010dencev oziroma na podlagi pisne privolitve polnoletnih u\u010dencev<\/strong> v skladu s \u010dlenom 6(1)(a) Splo\u0161ne uredbe o varstvu podatkov. Privolitev pomeni vsako prostovoljno, konkretno, informirano in nedvoumno ravnanje v obliki izjave ali jasnega pritrdilnega dejanja, iz katerega je mogo\u010de sklepati na \u017eelje posameznika, na katerega se nana\u0161ajo osebni podatki, s katerim izrazi strinjanje z obdelavo osebnih podatkov, ki se nana\u0161ajo nanj. Privolitev se lahko kadarkoli prekli\u010de. Preklic privolitve ne vpliva na zakonitost obdelave osebnih podatkov pred podano privolitvijo<\/p>\n<ul>\n<li><strong>zbirka podatkov o u\u010dencih, vpisanih v glasbeno \u0161olo, in njihovih star\u0161ih, \u010de gre za mladoletne u\u010dence:<\/strong><\/li>\n<\/ul>\n<p><strong>Namen in pravna podlaga: <\/strong>Za potrebe osnovnega glasbenega in plesnega izobra\u017eevanja, \u0161ola vodi zbirko osebnih podatkov o u\u010dencih in o star\u0161ih, \u010de gre za mladoletne u\u010dence, na <u>podlagi prvega odstavka 42. \u010dlena ZGla<\/u>.<\/p>\n<p><strong>Osebni podatki, ki se zbirajo:<\/strong><\/p>\n<p><u>O u\u010dencih<\/u>: ime in priimek, spol, datum, kraj in dr\u017eavo rojstva, prebivali\u0161\u010de in dr\u017eavljanstvo, zdravstvene posebnosti, katerih poznavanje je nujno za u\u010den\u010devo varnost in za delo z u\u010dencem, ime vrtca oziroma \u0161ole, ki jo obiskuje, ter oddelek, razred oziroma letnik, v katerega je vklju\u010den;<\/p>\n<p><u>O star\u0161ih:<\/u> ime in priimek, naslov prebivali\u0161\u010da, telefonska \u0161tevilka osebe, ki ji je mogo\u010de posredovati nujna sporo\u010dila.<\/p>\n<p><strong>Rok hrambe: <\/strong>Eno leto po zaklju\u010dku \u0161olanja u\u010denca.<\/p>\n<ul>\n<li><strong>zbirka podatkov o napredovanju u\u010dencev, izdanih spri\u010devalih in drugih listinah<\/strong><\/li>\n<\/ul>\n<p><strong>Namen in pravna podlaga: <\/strong>\u0160ola zbira osebne podatke u\u010dencev v zvezi z napredovanjem u\u010dencev, izdanimi spri\u010devali in druge listine za potrebe osnovnega glasbenega in plesnega izobra\u017eevanja na <u>podlagi prvega odstavka 42. \u010dlena ZGla<\/u>.<\/p>\n<p><strong>Osebni podatki, o u\u010dencu, ki se zbirajo:<\/strong> Podatki o napredovanju, izdanih spri\u010devalih in drugih listinah.<\/p>\n<p><strong>Rok hrambe: <\/strong>Trajno (44. \u010dlen ZGla).<\/p>\n<ul>\n<li><strong>komunikacija star\u0161ev s \u0161olo in organi \u0161ole<\/strong><\/li>\n<\/ul>\n<p><strong>Namen, pravna podlaga in osebni podatki, ki se zbirajo:<\/strong> \u0160ola zaradi la\u017eje komunikacije in obve\u0161\u010danja star\u0161ev o delu in dejavnostih v \u0161oli, obdeluje njihov elektronski naslov <u>na podlagi pisne privolitve<\/u>. Privolitev za ta namen omogo\u010da zaposlenim v \u0161oli in predstavnikom v organih \u0161ole (npr. svet star\u0161ev), da uporabljajo ta elektronski naslov za splo\u0161no obve\u0161\u010danje o njihovem delu in dejavnostih \u0161ole. \u010ce star\u0161 umakne privolitev za ta namen, lahko \u0161ola \u0161e vedno hrani in uporablja kontaktne podatke star\u0161ev v skladu s drugim odstavkom 42. \u010dlena ZGla \u2013 zlasti za nujno komunikacijo s star\u0161i glede njihovega otroka. Smiselno enako velja tudi za komunikacijo s polnoletnimi u\u010denci.<\/p>\n<p><strong>Rok hrambe: <\/strong>Dokler je veljavna privolitev oziroma do njenega preklica, najve\u010d pa eno leto po u\u010den\u010devem izstopu iz \u0161ole.<\/p>\n<ul>\n<li><strong>objava izdelkov, posnetkov in fotografij u\u010dencev<\/strong><\/li>\n<\/ul>\n<p><strong>Namen, pravna podlaga in osebni podatki, ki se zbirajo:<\/strong> \u0160ola <u>na podlagi pisne privolitve<\/u> star\u0161ev obve\u0161\u010da javnost o svojem delu z u\u010denci prek objave njihovih fotografij, posnetkov in\/ali izdelkov, pri \u010demer skrbi, da objavi zgolj tiste osebne podatke, ki so lahko javno dostopni, ker po naravi, vsebini ali namenu ne posegajo v zasebnost u\u010denca. Star\u0161i podajo svojo privolitev za posamezen na\u010din obve\u0161\u010danja javnosti \u2013 v prostorih \u0161ole, publikacijah, na spletni strani \u0161ole in v novinarskih medijih ter na dru\u017ebenih omre\u017ejih. V skladu z izra\u017eeno voljo v privolitvah, \u0161ola objavlja osebne podatke. Star\u0161i lahko zavrnejo obdelavo teh podatkov, saj obdelava temelji na njihovi privolitvi, ki jo lahko prostovoljno umaknejo. V primeru preklica privolitve po objavi, se \u0161ola glede na naravo objave trudi zagotoviti umik objavljenih osebnih podatkov. Smiselno enak pravni re\u017eim velja tudi za polnoletne u\u010dence.<\/p>\n<p><strong>Rok hrambe: <\/strong>Osebne podatke, ki jih \u0161ola objavi na podlagi privolitve, ohrani v objavi v skladu z naravo in namenom objave.<\/p>\n<p><strong>Prenosi v tretje dr\u017eave:<\/strong> Pri objavi osebnih podatkov na dru\u017ebenih omre\u017ejih, pride do prenosa osebnih podatkov v tretje dr\u017eave pod pogoji upravljavca dru\u017ebenega omre\u017eja.<\/p>\n<ul>\n<li><strong>delo v svetu star\u0161ev in svetu zavoda<\/strong><\/li>\n<\/ul>\n<p><strong>Namen in pravna podlaga:<\/strong> \u0160ola osebne podatke \u010dlanov organov \u0161ole (svet star\u0161ev, svet zavoda) obdeluje z namenom izpolnjevanja obveznosti \u010dlanov organov \u0161ole pri opravljanju svoje funkcije (po\u0161iljanje vabil in obvestil ter gradiv za potrebe delovanja organa, obve\u0161\u010danje o sre\u010danjih, izobra\u017eevanjih in sestankih). Podatke se zbira s soglasjem \u010dlana, ki ga lahko tudi kadarkoli prekli\u010de.<\/p>\n<p><strong>Vrste osebnih podatkov, ki se zbirajo:<\/strong> Za ta namen \u0161ola vodi naslednje osebne podatke: ime, priimek, naslov bivali\u0161\u010da, elektronski naslov, \u0161tevilka telefona.<\/p>\n<p><strong>Rok hrambe<\/strong><strong>:<\/strong> Do prenehanja \u010dlanstva v organu \u0161ole oziroma dokler je to potrebno za namen komunikacije v zvezi z delom organa oziroma do preklica privolitve.<\/p>\n<ul>\n<li><strong>obdelava osebnih podatkov u\u010dencev in star\u0161ev pri uporabi komunikacijskih informacijskih re\u0161itev<\/strong><\/li>\n<\/ul>\n<p><strong>Namen, pravna podlaga, osebni podatki, ki se zbirajo in rok hrambe:<\/strong> \u0160ola omogo\u010da komunikacijo prek informacijske re\u0161itve (eGlasbena\u0160ola) zaradi la\u017ejega in u\u010dinkovitej\u0161ega obve\u0161\u010danja star\u0161ev mladoletnih u\u010dencev oziroma obve\u0161\u010danja polnoletnih u\u010dencev, organizacije dela, ipd. Uporaba te storitve se izvaja v skladu s pogoji politike zasebnosti, ki je dostopna v informacijski storitvi, ki med drugim opredeljuje tudi pravno podlago, rok hrambe ter druge informacije za skladno obdelavo osebnih podatkov.<strong>:<\/strong><\/p>\n<ul>\n<li><strong>obdelava osebnih podatkov obiskovalcev spletne strani \u0161ole<\/strong><\/li>\n<\/ul>\n<p>Namen, pravna podlaga, osebni podatki, ki se zbirajo in rok hrambe: \u0160ola za analiti\u010dne in druge namene pri uporabi svoje spletne strani uporablja tudi pi\u0161kotke. Pi\u0161kotki so majhne datoteke z besedilom, ki jih na va\u0161 ra\u010dunalnik ali mobilno napravo shranijo spleti\u0161\u010da, ki jih obiskujete. Naloge pi\u0161kotkov so razli\u010dne. Pi\u0161kotki pomagajo spleti\u0161\u010du, da si zapomni va\u0161e nastavitve, npr. jezik, velikost \u010drk in druge nastavitve, ki ste jih na svojem ra\u010dunalniku dolo\u010dili za ogled na\u0161ega spleti\u0161\u010da, tako da vam jih ob vnovi\u010dnem obisku ni treba vedno znova nastaviti. Na ta na\u010din si spleti\u0161\u010da lahko zapomnijo va\u0161e preference, informacijo, da ste v anketi spleti\u0161\u010da \u017ee glasovali, ali zgolj dejstvo, da ste v spleti\u0161\u010de \u017ee prijavljeni. Nekateri pi\u0161kotki so nujni za delovanje spleti\u0161\u010da, nekateri so namenjeni izbolj\u0161anju uporabni\u0161ke izku\u0161nje (npr. shranjevanje uporabnikovih preferenc), nekateri pa se uporabljajo tudi za spremljanje obiska na spleti\u0161\u010du, kar njegovemu upravitelju pomaga pri stalnem izbolj\u0161evanju spletne strani in uporabnikove izku\u0161nje z njo. Podatki v zvezi s pi\u0161kotki se hranijo v skladu s politiko zasebnosti pi\u0161kotkov oziroma veljavnimi predpisi.<\/p>\n<p>&nbsp;<\/p>\n<h4>5.\u00a0\u00a0\u00a0 UPORABNIKI OSEBNIH PODATKOV<\/h4>\n<p>Posamezne osebne podatke lahko obdelujejo le poobla\u0161\u010deni delavci \u0161ole, poobla\u0161\u010deni pogodbeni obdelovalci (npr. IKT izvajalci), na podlagi veljavnih predpisov pa tudi Ministrstvo za vzgojo in izobra\u017eevanje, lokalna skupnost, Nacionalni in\u0161titut za javno zdravje, in\u0161pekcijske in druge slu\u017ebe.<\/p>\n<p>&nbsp;<\/p>\n<h4>6.\u00a0\u00a0\u00a0 PRENOS OSEBNIH PODATKOV V TRETJE DR\u017dAVE<\/h4>\n<p>Osebni podatki se ne prena\u0161ajo v tretje dr\u017eave, razen kolikor je pri posameznemu namenu obdelave to posebej opredeljeno.<\/p>\n<p>&nbsp;<\/p>\n<h4>7.\u00a0\u00a0\u00a0 PRAVICE POSAMEZNIKOV<\/h4>\n<p>Posameznik, na katerega se nana\u0161ajo osebni podatki, lahko v zvezi z obdelavami osebnih podatkov, ki jih izvaja \u0161ola, uveljavlja naslednje pravice: <strong>dostop, dopolnitev, popravek, omejitev obdelave, izbris, pravico do ugovora <\/strong>in<strong> do prenosljivosti<\/strong>.<\/p>\n<p>&nbsp;<\/p>\n<p>Pravice se uveljavlja pod pogoji iz GDPR (<a href=\"https:\/\/eur-lex.europa.eu\/legal-content\/SL\/TXT\/?uri=CELEX:02016R0679-20160504\">POGLAVJE III, Pravice posameznika, na katerega se nana\u0161ajo osebni podatki<\/a>).<\/p>\n<p>&nbsp;<\/p>\n<p>Posameznik lahko svoje pravice uveljavlja s pisno zahtevo na naslov Glasbena \u0161ola Vinka Vodopivca Ajdov\u0161\u010dina, Cesta 5. maja 7, 5270 Ajdov\u0161\u010dina ali na elektronski naslov \u0161ole <a href=\"mailto:info@gsajdovscina.si\">info@gsajdovscina.si<\/a>.<\/p>\n<p>&nbsp;<\/p>\n<p>Posameznik lahko dano privolitev oz. soglasje za obdelavo osebnih podatkov kadarkoli trajno ali za\u010dasno, v celoti ali delno, prekli\u010de s pisno zahtevo, poslano na naslov Glasbena \u0161ola Vinka Vodopivca Ajdov\u0161\u010dina, Cesta 5. maja 7, 5270 Ajdov\u0161\u010dina ali na elektronski naslov \u0161ole <a href=\"mailto:info@gsajdovscina.si\">info@gsajdovscina.si<\/a>. Preklic soglasja ne vpliva na zakonitost obdelave, ki se je na podlagi soglasja izvajala do njenega preklica.<\/p>\n<p>&nbsp;<\/p>\n<p>Posameznik ki meni, da se njegovi osebni podatki obdelujejo v nasprotju z veljavnimi predpisi, ki urejajo varstvo osebnih podatkov ima pravico vlo\u017eiti prito\u017ebo pri Informacijskem poobla\u0161\u010dencu Republike Slovenije, Dunajska cesta 22, 1000 Ljubljana.<\/p>\n<p>&nbsp;<\/p>\n<p>V Ajdov\u0161\u010dini, dne\u00a0 15.3.2023<\/p>\n<p style=\"text-align: right;\">Ravnateljica Glasbene \u0161ole<\/p>\n<p style=\"text-align: right;\">Vinka Vodopivca Ajdov\u0161\u010dina<\/p>\n<p style=\"text-align: right;\">Bernarda Pa\u0161kvan<\/p>\n<p>&nbsp;<\/p>\n<p><em>\u00a0<\/em><\/p>\n<p><em>\u00a0<\/em><\/p>\n<p>[\/et_pb_text][\/et_pb_column][\/et_pb_row][\/et_pb_section]<\/p>\n","protected":false},"excerpt":{"rendered":"<p>INFORMACIJE O OBDELAVI OSEBNIH PODATKOV ZA POSAMEZNIKE 1.\u00a0\u00a0\u00a0 UPRAVLJAVEC OSEBNIH PODATKOV Glasbena \u0161ola Vinka Vodopivca Ajdov\u0161\u010dina, Cesta 5. maja 7, 5270 Ajdov\u0161\u010dina (v nadaljevanju: \u0161ola) Odgovorna oseba: Ravnateljica Bernarda Pa\u0161kvan Elektronski naslov \u0161ole: info@gsajdovscina.si 2.\u00a0\u00a0\u00a0 POOBLA\u0160\u010cENA OSEBA ZA VARSTVO OSEBNIH PODATKOV Poobla\u0161\u010dena oseba za varstvo osebnih podatkov v Glasbeni \u0161oli Vinka Vodopivca Ajdov\u0161\u010dina je mag. [&hellip;]<\/p>\n","protected":false},"author":1,"featured_media":0,"parent":0,"menu_order":0,"comment_status":"closed","ping_status":"closed","template":"","meta":{"_et_pb_use_builder":"on","_et_pb_old_content":"","_et_gb_content_width":"","footnotes":""},"class_list":["post-719","page","type-page","status-publish","hentry"],"yoast_head":"<!-- This site is optimized with the Yoast SEO plugin v27.6 - https:\/\/yoast.com\/product\/yoast-seo-wordpress\/ -->\n<title>Politika zasebnosti - Glasbena \u0161ola Ajdov\u0161\u010dina<\/title>\n<meta name=\"robots\" content=\"index, follow, max-snippet:-1, max-image-preview:large, max-video-preview:-1\" \/>\n<link rel=\"canonical\" href=\"https:\/\/gsajdovscina.si\/?page_id=719\" \/>\n<meta property=\"og:locale\" content=\"sl_SI\" \/>\n<meta property=\"og:type\" content=\"article\" \/>\n<meta property=\"og:title\" content=\"Politika zasebnosti - Glasbena \u0161ola Ajdov\u0161\u010dina\" \/>\n<meta property=\"og:description\" content=\"INFORMACIJE O OBDELAVI OSEBNIH PODATKOV ZA POSAMEZNIKE 1.\u00a0\u00a0\u00a0 UPRAVLJAVEC OSEBNIH PODATKOV Glasbena \u0161ola Vinka Vodopivca Ajdov\u0161\u010dina, Cesta 5. maja 7, 5270 Ajdov\u0161\u010dina (v nadaljevanju: \u0161ola) Odgovorna oseba: Ravnateljica Bernarda Pa\u0161kvan Elektronski naslov \u0161ole: info@gsajdovscina.si 2.\u00a0\u00a0\u00a0 POOBLA\u0160\u010cENA OSEBA ZA VARSTVO OSEBNIH PODATKOV Poobla\u0161\u010dena oseba za varstvo osebnih podatkov v Glasbeni \u0161oli Vinka Vodopivca Ajdov\u0161\u010dina je mag. [&hellip;]\" \/>\n<meta property=\"og:url\" content=\"https:\/\/gsajdovscina.si\/?page_id=719\" \/>\n<meta property=\"og:site_name\" content=\"Glasbena \u0161ola Ajdov\u0161\u010dina\" \/>\n<meta property=\"article:modified_time\" content=\"2023-04-23T20:32:28+00:00\" \/>\n<meta name=\"twitter:card\" content=\"summary_large_image\" \/>\n<script type=\"application\/ld+json\" class=\"yoast-schema-graph\">{\"@context\":\"https:\\\/\\\/schema.org\",\"@graph\":[{\"@type\":\"WebPage\",\"@id\":\"https:\\\/\\\/gsajdovscina.si\\\/?page_id=719\",\"url\":\"https:\\\/\\\/gsajdovscina.si\\\/?page_id=719\",\"name\":\"Politika zasebnosti - Glasbena \u0161ola Ajdov\u0161\u010dina\",\"isPartOf\":{\"@id\":\"https:\\\/\\\/gsajdovscina.si\\\/#website\"},\"datePublished\":\"2023-04-21T10:32:06+00:00\",\"dateModified\":\"2023-04-23T20:32:28+00:00\",\"breadcrumb\":{\"@id\":\"https:\\\/\\\/gsajdovscina.si\\\/?page_id=719#breadcrumb\"},\"inLanguage\":\"sl-SI\",\"potentialAction\":[{\"@type\":\"ReadAction\",\"target\":[\"https:\\\/\\\/gsajdovscina.si\\\/?page_id=719\"]}]},{\"@type\":\"BreadcrumbList\",\"@id\":\"https:\\\/\\\/gsajdovscina.si\\\/?page_id=719#breadcrumb\",\"itemListElement\":[{\"@type\":\"ListItem\",\"position\":1,\"name\":\"Home\",\"item\":\"https:\\\/\\\/gsajdovscina.si\\\/\"},{\"@type\":\"ListItem\",\"position\":2,\"name\":\"Politika zasebnosti\"}]},{\"@type\":\"WebSite\",\"@id\":\"https:\\\/\\\/gsajdovscina.si\\\/#website\",\"url\":\"https:\\\/\\\/gsajdovscina.si\\\/\",\"name\":\"Glasbena \u0161ola Ajdov\u0161\u010dina\",\"description\":\"\",\"potentialAction\":[{\"@type\":\"SearchAction\",\"target\":{\"@type\":\"EntryPoint\",\"urlTemplate\":\"https:\\\/\\\/gsajdovscina.si\\\/?s={search_term_string}\"},\"query-input\":{\"@type\":\"PropertyValueSpecification\",\"valueRequired\":true,\"valueName\":\"search_term_string\"}}],\"inLanguage\":\"sl-SI\"}]}<\/script>\n<!-- \/ Yoast SEO plugin. -->","yoast_head_json":{"title":"Politika zasebnosti - Glasbena \u0161ola Ajdov\u0161\u010dina","robots":{"index":"index","follow":"follow","max-snippet":"max-snippet:-1","max-image-preview":"max-image-preview:large","max-video-preview":"max-video-preview:-1"},"canonical":"https:\/\/gsajdovscina.si\/?page_id=719","og_locale":"sl_SI","og_type":"article","og_title":"Politika zasebnosti - Glasbena \u0161ola Ajdov\u0161\u010dina","og_description":"INFORMACIJE O OBDELAVI OSEBNIH PODATKOV ZA POSAMEZNIKE 1.\u00a0\u00a0\u00a0 UPRAVLJAVEC OSEBNIH PODATKOV Glasbena \u0161ola Vinka Vodopivca Ajdov\u0161\u010dina, Cesta 5. maja 7, 5270 Ajdov\u0161\u010dina (v nadaljevanju: \u0161ola) Odgovorna oseba: Ravnateljica Bernarda Pa\u0161kvan Elektronski naslov \u0161ole: info@gsajdovscina.si 2.\u00a0\u00a0\u00a0 POOBLA\u0160\u010cENA OSEBA ZA VARSTVO OSEBNIH PODATKOV Poobla\u0161\u010dena oseba za varstvo osebnih podatkov v Glasbeni \u0161oli Vinka Vodopivca Ajdov\u0161\u010dina je mag. [&hellip;]","og_url":"https:\/\/gsajdovscina.si\/?page_id=719","og_site_name":"Glasbena \u0161ola Ajdov\u0161\u010dina","article_modified_time":"2023-04-23T20:32:28+00:00","twitter_card":"summary_large_image","schema":{"@context":"https:\/\/schema.org","@graph":[{"@type":"WebPage","@id":"https:\/\/gsajdovscina.si\/?page_id=719","url":"https:\/\/gsajdovscina.si\/?page_id=719","name":"Politika zasebnosti - Glasbena \u0161ola Ajdov\u0161\u010dina","isPartOf":{"@id":"https:\/\/gsajdovscina.si\/#website"},"datePublished":"2023-04-21T10:32:06+00:00","dateModified":"2023-04-23T20:32:28+00:00","breadcrumb":{"@id":"https:\/\/gsajdovscina.si\/?page_id=719#breadcrumb"},"inLanguage":"sl-SI","potentialAction":[{"@type":"ReadAction","target":["https:\/\/gsajdovscina.si\/?page_id=719"]}]},{"@type":"BreadcrumbList","@id":"https:\/\/gsajdovscina.si\/?page_id=719#breadcrumb","itemListElement":[{"@type":"ListItem","position":1,"name":"Home","item":"https:\/\/gsajdovscina.si\/"},{"@type":"ListItem","position":2,"name":"Politika zasebnosti"}]},{"@type":"WebSite","@id":"https:\/\/gsajdovscina.si\/#website","url":"https:\/\/gsajdovscina.si\/","name":"Glasbena \u0161ola Ajdov\u0161\u010dina","description":"","potentialAction":[{"@type":"SearchAction","target":{"@type":"EntryPoint","urlTemplate":"https:\/\/gsajdovscina.si\/?s={search_term_string}"},"query-input":{"@type":"PropertyValueSpecification","valueRequired":true,"valueName":"search_term_string"}}],"inLanguage":"sl-SI"}]}},"_links":{"self":[{"href":"https:\/\/gsajdovscina.si\/index.php?rest_route=\/wp\/v2\/pages\/719","targetHints":{"allow":["GET"]}}],"collection":[{"href":"https:\/\/gsajdovscina.si\/index.php?rest_route=\/wp\/v2\/pages"}],"about":[{"href":"https:\/\/gsajdovscina.si\/index.php?rest_route=\/wp\/v2\/types\/page"}],"author":[{"embeddable":true,"href":"https:\/\/gsajdovscina.si\/index.php?rest_route=\/wp\/v2\/users\/1"}],"replies":[{"embeddable":true,"href":"https:\/\/gsajdovscina.si\/index.php?rest_route=%2Fwp%2Fv2%2Fcomments&post=719"}],"version-history":[{"count":4,"href":"https:\/\/gsajdovscina.si\/index.php?rest_route=\/wp\/v2\/pages\/719\/revisions"}],"predecessor-version":[{"id":733,"href":"https:\/\/gsajdovscina.si\/index.php?rest_route=\/wp\/v2\/pages\/719\/revisions\/733"}],"wp:attachment":[{"href":"https:\/\/gsajdovscina.si\/index.php?rest_route=%2Fwp%2Fv2%2Fmedia&parent=719"}],"curies":[{"name":"wp","href":"https:\/\/api.w.org\/{rel}","templated":true}]}}