{"id":7150,"date":"2025-12-15T09:54:08","date_gmt":"2025-12-15T08:54:08","guid":{"rendered":"https:\/\/gsajdovscina.si\/?page_id=7150"},"modified":"2025-12-15T09:54:08","modified_gmt":"2025-12-15T08:54:08","slug":"solski-sklad","status":"publish","type":"page","link":"https:\/\/gsajdovscina.si\/?page_id=7150","title":{"rendered":"\u0160olski sklad"},"content":{"rendered":"<p>[et_pb_section fb_built=&#8221;1&#8243; _builder_version=&#8221;4.27.5&#8243; _module_preset=&#8221;default&#8221; global_colors_info=&#8221;{}&#8221;][et_pb_row _builder_version=&#8221;4.27.5&#8243; _module_preset=&#8221;default&#8221; global_colors_info=&#8221;{}&#8221; custom_margin=&#8221;|auto|-5px|auto||&#8221;][et_pb_column type=&#8221;4_4&#8243; _builder_version=&#8221;4.27.5&#8243; _module_preset=&#8221;default&#8221; global_colors_info=&#8221;{}&#8221;][et_pb_text _builder_version=&#8221;4.27.5&#8243; _module_preset=&#8221;default&#8221; global_colors_info=&#8221;{}&#8221;]<\/p>\n<p>Spo\u0161tovani obiskovalci, stran je v izdelavi.<\/p>\n<p>\u010ce \u017eelite podpreti \u0161olski sklad Glasbene \u0161ole Vinka Vodopivca Ajdov\u0161\u010dina, lahko to storite tako, da z aplikacijo spletne oziroma mobilne banke poskenirate spodnjo kodo ali izvedete nakazilo na transakcijski ra\u010dun \u0161ole:<\/p>\n<p>[\/et_pb_text][\/et_pb_column][\/et_pb_row][et_pb_row _builder_version=&#8221;4.27.5&#8243; _module_preset=&#8221;default&#8221; column_structure=&#8221;1_4,1_4,1_4,1_4&#8243; custom_padding=&#8221;0px|||||&#8221;][et_pb_column _builder_version=&#8221;4.27.5&#8243; _module_preset=&#8221;default&#8221; type=&#8221;1_4&#8243;][et_pb_text _builder_version=&#8221;4.27.5&#8243; _module_preset=&#8221;default&#8221; hover_enabled=&#8221;0&#8243; sticky_enabled=&#8221;0&#8243;]<\/p>\n<p class=\"cvGsUA direction-ltr align-start para-style-body\"><span class=\"a_GcMg font-feature-liga-off font-feature-clig-off font-feature-calt-off text-decoration-none text-strikethrough-none\">SI56 0120 1603 0709 348,<\/span><\/p>\n<p class=\"cvGsUA direction-ltr align-start para-style-body\"><span class=\"a_GcMg font-feature-liga-off font-feature-clig-off font-feature-calt-off text-decoration-none text-strikethrough-none\">sklic\/referenca SI00 10025,<\/span><\/p>\n<p class=\"cvGsUA direction-ltr align-start para-style-body\"><span class=\"a_GcMg font-feature-liga-off font-feature-clig-off font-feature-calt-off text-decoration-none text-strikethrough-none\">namen: Donacija za \u0161olski sklad.<\/span><\/p>\n<p class=\"cvGsUA direction-ltr align-start para-style-body\"><span class=\"a_GcMg font-feature-liga-off font-feature-clig-off font-feature-calt-off text-decoration-none text-strikethrough-none\">Iskrena hvala.<\/span><\/p>\n<p>[\/et_pb_text][\/et_pb_column][et_pb_column _builder_version=&#8221;4.27.5&#8243; _module_preset=&#8221;default&#8221; type=&#8221;1_4&#8243;][et_pb_image src=&#8221;https:\/\/gsajdovscina.si\/wp-content\/uploads\/2025\/12\/QR-koda-solski-sklad.png&#8221; _builder_version=&#8221;4.27.5&#8243; _module_preset=&#8221;default&#8221; title_text=&#8221;QR koda (\u0161olski sklad)&#8221; hover_enabled=&#8221;0&#8243; sticky_enabled=&#8221;0&#8243; custom_margin=&#8221;||-17px|||&#8221;][\/et_pb_image][\/et_pb_column][et_pb_column _builder_version=&#8221;4.27.5&#8243; _module_preset=&#8221;default&#8221; type=&#8221;1_4&#8243;][\/et_pb_column][et_pb_column _builder_version=&#8221;4.27.5&#8243; _module_preset=&#8221;default&#8221; type=&#8221;1_4&#8243;][\/et_pb_column][\/et_pb_row][\/et_pb_section]<\/p>\n","protected":false},"excerpt":{"rendered":"<p>Spo\u0161tovani obiskovalci, stran je v izdelavi. \u010ce \u017eelite podpreti \u0161olski sklad Glasbene \u0161ole Vinka Vodopivca Ajdov\u0161\u010dina, lahko to storite tako, da z aplikacijo spletne oziroma mobilne banke poskenirate spodnjo kodo ali izvedete nakazilo na transakcijski ra\u010dun \u0161ole:SI56 0120 1603 0709 348, sklic\/referenca SI00 10025, namen: Donacija za \u0161olski sklad. Iskrena hvala.<\/p>\n","protected":false},"author":3,"featured_media":0,"parent":0,"menu_order":0,"comment_status":"closed","ping_status":"closed","template":"","meta":{"_et_pb_use_builder":"on","_et_pb_old_content":"","_et_gb_content_width":"","footnotes":""},"class_list":["post-7150","page","type-page","status-publish","hentry"],"yoast_head":"<!-- This site is optimized with the Yoast SEO plugin v27.6 - https:\/\/yoast.com\/product\/yoast-seo-wordpress\/ -->\n<title>\u0160olski sklad - Glasbena \u0161ola Ajdov\u0161\u010dina<\/title>\n<meta name=\"robots\" content=\"index, follow, max-snippet:-1, max-image-preview:large, max-video-preview:-1\" \/>\n<link rel=\"canonical\" href=\"https:\/\/gsajdovscina.si\/?page_id=7150\" \/>\n<meta property=\"og:locale\" content=\"sl_SI\" \/>\n<meta property=\"og:type\" content=\"article\" \/>\n<meta property=\"og:title\" content=\"\u0160olski sklad - Glasbena \u0161ola Ajdov\u0161\u010dina\" \/>\n<meta property=\"og:description\" content=\"Spo\u0161tovani obiskovalci, stran je v izdelavi. \u010ce \u017eelite podpreti \u0161olski sklad Glasbene \u0161ole Vinka Vodopivca Ajdov\u0161\u010dina, lahko to storite tako, da z aplikacijo spletne oziroma mobilne banke poskenirate spodnjo kodo ali izvedete nakazilo na transakcijski ra\u010dun \u0161ole:SI56 0120 1603 0709 348, sklic\/referenca SI00 10025, namen: Donacija za \u0161olski sklad. Iskrena hvala.\" \/>\n<meta property=\"og:url\" content=\"https:\/\/gsajdovscina.si\/?page_id=7150\" \/>\n<meta property=\"og:site_name\" content=\"Glasbena \u0161ola Ajdov\u0161\u010dina\" \/>\n<meta name=\"twitter:card\" content=\"summary_large_image\" \/>\n<meta name=\"twitter:label1\" content=\"Est. reading time\" \/>\n\t<meta name=\"twitter:data1\" content=\"1 minuta\" \/>\n<script type=\"application\/ld+json\" class=\"yoast-schema-graph\">{\"@context\":\"https:\\\/\\\/schema.org\",\"@graph\":[{\"@type\":\"WebPage\",\"@id\":\"https:\\\/\\\/gsajdovscina.si\\\/?page_id=7150\",\"url\":\"https:\\\/\\\/gsajdovscina.si\\\/?page_id=7150\",\"name\":\"\u0160olski sklad - Glasbena \u0161ola Ajdov\u0161\u010dina\",\"isPartOf\":{\"@id\":\"https:\\\/\\\/gsajdovscina.si\\\/#website\"},\"datePublished\":\"2025-12-15T08:54:08+00:00\",\"breadcrumb\":{\"@id\":\"https:\\\/\\\/gsajdovscina.si\\\/?page_id=7150#breadcrumb\"},\"inLanguage\":\"sl-SI\",\"potentialAction\":[{\"@type\":\"ReadAction\",\"target\":[\"https:\\\/\\\/gsajdovscina.si\\\/?page_id=7150\"]}]},{\"@type\":\"BreadcrumbList\",\"@id\":\"https:\\\/\\\/gsajdovscina.si\\\/?page_id=7150#breadcrumb\",\"itemListElement\":[{\"@type\":\"ListItem\",\"position\":1,\"name\":\"Home\",\"item\":\"https:\\\/\\\/gsajdovscina.si\\\/\"},{\"@type\":\"ListItem\",\"position\":2,\"name\":\"\u0160olski sklad\"}]},{\"@type\":\"WebSite\",\"@id\":\"https:\\\/\\\/gsajdovscina.si\\\/#website\",\"url\":\"https:\\\/\\\/gsajdovscina.si\\\/\",\"name\":\"Glasbena \u0161ola Ajdov\u0161\u010dina\",\"description\":\"\",\"potentialAction\":[{\"@type\":\"SearchAction\",\"target\":{\"@type\":\"EntryPoint\",\"urlTemplate\":\"https:\\\/\\\/gsajdovscina.si\\\/?s={search_term_string}\"},\"query-input\":{\"@type\":\"PropertyValueSpecification\",\"valueRequired\":true,\"valueName\":\"search_term_string\"}}],\"inLanguage\":\"sl-SI\"}]}<\/script>\n<!-- \/ Yoast SEO plugin. -->","yoast_head_json":{"title":"\u0160olski sklad - Glasbena \u0161ola Ajdov\u0161\u010dina","robots":{"index":"index","follow":"follow","max-snippet":"max-snippet:-1","max-image-preview":"max-image-preview:large","max-video-preview":"max-video-preview:-1"},"canonical":"https:\/\/gsajdovscina.si\/?page_id=7150","og_locale":"sl_SI","og_type":"article","og_title":"\u0160olski sklad - Glasbena \u0161ola Ajdov\u0161\u010dina","og_description":"Spo\u0161tovani obiskovalci, stran je v izdelavi. \u010ce \u017eelite podpreti \u0161olski sklad Glasbene \u0161ole Vinka Vodopivca Ajdov\u0161\u010dina, lahko to storite tako, da z aplikacijo spletne oziroma mobilne banke poskenirate spodnjo kodo ali izvedete nakazilo na transakcijski ra\u010dun \u0161ole:SI56 0120 1603 0709 348, sklic\/referenca SI00 10025, namen: Donacija za \u0161olski sklad. Iskrena hvala.","og_url":"https:\/\/gsajdovscina.si\/?page_id=7150","og_site_name":"Glasbena \u0161ola Ajdov\u0161\u010dina","twitter_card":"summary_large_image","twitter_misc":{"Est. reading time":"1 minuta"},"schema":{"@context":"https:\/\/schema.org","@graph":[{"@type":"WebPage","@id":"https:\/\/gsajdovscina.si\/?page_id=7150","url":"https:\/\/gsajdovscina.si\/?page_id=7150","name":"\u0160olski sklad - Glasbena \u0161ola Ajdov\u0161\u010dina","isPartOf":{"@id":"https:\/\/gsajdovscina.si\/#website"},"datePublished":"2025-12-15T08:54:08+00:00","breadcrumb":{"@id":"https:\/\/gsajdovscina.si\/?page_id=7150#breadcrumb"},"inLanguage":"sl-SI","potentialAction":[{"@type":"ReadAction","target":["https:\/\/gsajdovscina.si\/?page_id=7150"]}]},{"@type":"BreadcrumbList","@id":"https:\/\/gsajdovscina.si\/?page_id=7150#breadcrumb","itemListElement":[{"@type":"ListItem","position":1,"name":"Home","item":"https:\/\/gsajdovscina.si\/"},{"@type":"ListItem","position":2,"name":"\u0160olski sklad"}]},{"@type":"WebSite","@id":"https:\/\/gsajdovscina.si\/#website","url":"https:\/\/gsajdovscina.si\/","name":"Glasbena \u0161ola Ajdov\u0161\u010dina","description":"","potentialAction":[{"@type":"SearchAction","target":{"@type":"EntryPoint","urlTemplate":"https:\/\/gsajdovscina.si\/?s={search_term_string}"},"query-input":{"@type":"PropertyValueSpecification","valueRequired":true,"valueName":"search_term_string"}}],"inLanguage":"sl-SI"}]}},"_links":{"self":[{"href":"https:\/\/gsajdovscina.si\/index.php?rest_route=\/wp\/v2\/pages\/7150","targetHints":{"allow":["GET"]}}],"collection":[{"href":"https:\/\/gsajdovscina.si\/index.php?rest_route=\/wp\/v2\/pages"}],"about":[{"href":"https:\/\/gsajdovscina.si\/index.php?rest_route=\/wp\/v2\/types\/page"}],"author":[{"embeddable":true,"href":"https:\/\/gsajdovscina.si\/index.php?rest_route=\/wp\/v2\/users\/3"}],"replies":[{"embeddable":true,"href":"https:\/\/gsajdovscina.si\/index.php?rest_route=%2Fwp%2Fv2%2Fcomments&post=7150"}],"version-history":[{"count":3,"href":"https:\/\/gsajdovscina.si\/index.php?rest_route=\/wp\/v2\/pages\/7150\/revisions"}],"predecessor-version":[{"id":7155,"href":"https:\/\/gsajdovscina.si\/index.php?rest_route=\/wp\/v2\/pages\/7150\/revisions\/7155"}],"wp:attachment":[{"href":"https:\/\/gsajdovscina.si\/index.php?rest_route=%2Fwp%2Fv2%2Fmedia&parent=7150"}],"curies":[{"name":"wp","href":"https:\/\/api.w.org\/{rel}","templated":true}]}}