{"id":6787,"date":"2025-10-22T09:59:24","date_gmt":"2025-10-22T07:59:24","guid":{"rendered":"https:\/\/gsajdovscina.si\/?page_id=6787"},"modified":"2026-05-15T10:42:07","modified_gmt":"2026-05-15T08:42:07","slug":"napovednik","status":"publish","type":"page","link":"https:\/\/gsajdovscina.si\/?page_id=6787","title":{"rendered":"Napovednik"},"content":{"rendered":"<p>[et_pb_section fb_built=&#8221;1&#8243; _builder_version=&#8221;4.27.4&#8243; _module_preset=&#8221;default&#8221; global_colors_info=&#8221;{}&#8221;][et_pb_row column_structure=&#8221;1_2,1_6,1_6,1_6&#8243; _builder_version=&#8221;4.27.4&#8243; _module_preset=&#8221;default&#8221; global_colors_info=&#8221;{}&#8221;][et_pb_column type=&#8221;1_2&#8243; _builder_version=&#8221;4.27.4&#8243; _module_preset=&#8221;default&#8221; global_colors_info=&#8221;{}&#8221;][et_pb_text _builder_version=&#8221;4.27.4&#8243; _module_preset=&#8221;default&#8221; width=&#8221;100%&#8221; global_colors_info=&#8221;{}&#8221;]<\/p>\n<h4><em>Vabljeni, da se udele\u017eite nastopov na\u0161ih u\u010dencev v \u0161oli in zunaj nje. <\/em><em>Utrinke s posameznih prireditev poi\u0161\u010dite na straneh:<\/em><\/h4>\n<p>[\/et_pb_text][\/et_pb_column][et_pb_column type=&#8221;1_6&#8243; _builder_version=&#8221;4.27.4&#8243; _module_preset=&#8221;default&#8221; global_colors_info=&#8221;{}&#8221;][et_pb_button button_url=&#8221;https:\/\/gsajdovscina.si\/?page_id=319&#8243; button_text=&#8221;Novice&#8221; _builder_version=&#8221;4.27.4&#8243; _module_preset=&#8221;default&#8221; global_colors_info=&#8221;{}&#8221;][\/et_pb_button][\/et_pb_column][et_pb_column type=&#8221;1_6&#8243; _builder_version=&#8221;4.27.4&#8243; _module_preset=&#8221;default&#8221; global_colors_info=&#8221;{}&#8221;][et_pb_button button_url=&#8221;https:\/\/gsajdovscina.si\/?page_id=195&#8243; button_text=&#8221;Foto\/video&#8221; _builder_version=&#8221;4.27.4&#8243; _module_preset=&#8221;default&#8221; global_colors_info=&#8221;{}&#8221;][\/et_pb_button][\/et_pb_column][et_pb_column type=&#8221;1_6&#8243; _builder_version=&#8221;4.27.4&#8243; _module_preset=&#8221;default&#8221; global_colors_info=&#8221;{}&#8221;][et_pb_button button_url=&#8221;https:\/\/gsajdovscina.si\/?page_id=2263&#8243; button_text=&#8221;Tekmovanja&#8221; _builder_version=&#8221;4.27.4&#8243; _module_preset=&#8221;default&#8221; global_colors_info=&#8221;{}&#8221;][\/et_pb_button][\/et_pb_column][\/et_pb_row][et_pb_row column_structure=&#8221;1_2,1_2&#8243; _builder_version=&#8221;4.27.6&#8243; _module_preset=&#8221;default&#8221; global_colors_info=&#8221;{}&#8221;][et_pb_column type=&#8221;1_2&#8243; _builder_version=&#8221;4.27.6&#8243; _module_preset=&#8221;default&#8221; global_colors_info=&#8221;{}&#8221;][et_pb_button button_url=&#8221;https:\/\/gsajdovscina.si\/?p=8972&#8243; button_text=&#8221;Arhiv dogodkov &#8211; APRIL&#8221; _builder_version=&#8221;4.27.6&#8243; _module_preset=&#8221;default&#8221; box_shadow_style=&#8221;preset6&#8243; box_shadow_color=&#8221;#8300E9&#8243; global_colors_info=&#8221;{}&#8221;][\/et_pb_button][\/et_pb_column][et_pb_column type=&#8221;1_2&#8243; _builder_version=&#8221;4.27.6&#8243; _module_preset=&#8221;default&#8221; global_colors_info=&#8221;{}&#8221;][et_pb_button button_url=&#8221;https:\/\/gsajdovscina.si\/?p=8613&#8243; button_text=&#8221;Arhiv dogodkov &#8211; MAREC&#8221; _builder_version=&#8221;4.27.6&#8243; _module_preset=&#8221;default&#8221; box_shadow_style=&#8221;preset6&#8243; box_shadow_color=&#8221;#8300E9&#8243; global_colors_info=&#8221;{}&#8221;][\/et_pb_button][\/et_pb_column][\/et_pb_row][et_pb_row _builder_version=&#8221;4.27.6&#8243; _module_preset=&#8221;default&#8221; global_colors_info=&#8221;{}&#8221;][et_pb_column type=&#8221;4_4&#8243; _builder_version=&#8221;4.27.6&#8243; _module_preset=&#8221;default&#8221; global_colors_info=&#8221;{}&#8221;][et_pb_image src=&#8221;https:\/\/gsajdovscina.si\/wp-content\/uploads\/2026\/05\/MAJ-2.jpg&#8221; title_text=&#8221;MAJ (2)&#8221; _builder_version=&#8221;4.27.6&#8243; _module_preset=&#8221;default&#8221; hover_enabled=&#8221;0&#8243; global_colors_info=&#8221;{}&#8221; sticky_enabled=&#8221;0&#8243;][\/et_pb_image][\/et_pb_column][\/et_pb_row][et_pb_row column_structure=&#8221;1_2,1_2&#8243; _builder_version=&#8221;4.27.6&#8243; _module_preset=&#8221;default&#8221; global_colors_info=&#8221;{}&#8221;][et_pb_column type=&#8221;1_2&#8243; _builder_version=&#8221;4.27.6&#8243; _module_preset=&#8221;default&#8221; global_colors_info=&#8221;{}&#8221;][et_pb_image src=&#8221;https:\/\/gsajdovscina.si\/wp-content\/uploads\/2026\/04\/RAZPIS.jpg&#8221; title_text=&#8221;RAZPIS&#8221; url=&#8221;https:\/\/gsajdovscina.si\/?page_id=183&#8243; _builder_version=&#8221;4.27.6&#8243; _module_preset=&#8221;default&#8221; global_colors_info=&#8221;{}&#8221;][\/et_pb_image][\/et_pb_column][et_pb_column type=&#8221;1_2&#8243; _builder_version=&#8221;4.27.6&#8243; _module_preset=&#8221;default&#8221; global_colors_info=&#8221;{}&#8221;][et_pb_image src=&#8221;https:\/\/gsajdovscina.si\/wp-content\/uploads\/2026\/05\/Zakljucni-scaled.jpg&#8221; _builder_version=&#8221;4.27.6&#8243; _module_preset=&#8221;default&#8221; hover_enabled=&#8221;0&#8243; global_colors_info=&#8221;{}&#8221; title_text=&#8221;Zaklju\u010dni&#8221; sticky_enabled=&#8221;0&#8243;][\/et_pb_image][\/et_pb_column][\/et_pb_row][\/et_pb_section]<\/p>\n","protected":false},"excerpt":{"rendered":"<p>Vabljeni, da se udele\u017eite nastopov na\u0161ih u\u010dencev v \u0161oli in zunaj nje. Utrinke s posameznih prireditev poi\u0161\u010dite na straneh:<\/p>\n","protected":false},"author":3,"featured_media":0,"parent":0,"menu_order":0,"comment_status":"closed","ping_status":"closed","template":"","meta":{"_et_pb_use_builder":"on","_et_pb_old_content":"","_et_gb_content_width":"","footnotes":""},"class_list":["post-6787","page","type-page","status-publish","hentry"],"yoast_head":"<!-- This site is optimized with the Yoast SEO plugin v27.6 - https:\/\/yoast.com\/product\/yoast-seo-wordpress\/ -->\n<title>Napovednik - Glasbena \u0161ola Ajdov\u0161\u010dina<\/title>\n<meta name=\"robots\" content=\"index, follow, max-snippet:-1, max-image-preview:large, max-video-preview:-1\" \/>\n<link rel=\"canonical\" href=\"https:\/\/gsajdovscina.si\/?page_id=6787\" \/>\n<meta property=\"og:locale\" content=\"sl_SI\" \/>\n<meta property=\"og:type\" content=\"article\" \/>\n<meta property=\"og:title\" content=\"Napovednik - Glasbena \u0161ola Ajdov\u0161\u010dina\" \/>\n<meta property=\"og:description\" content=\"Vabljeni, da se udele\u017eite nastopov na\u0161ih u\u010dencev v \u0161oli in zunaj nje. Utrinke s posameznih prireditev poi\u0161\u010dite na straneh:\" \/>\n<meta property=\"og:url\" content=\"https:\/\/gsajdovscina.si\/?page_id=6787\" \/>\n<meta property=\"og:site_name\" content=\"Glasbena \u0161ola Ajdov\u0161\u010dina\" \/>\n<meta property=\"article:modified_time\" content=\"2026-05-15T08:42:07+00:00\" \/>\n<meta name=\"twitter:card\" content=\"summary_large_image\" \/>\n<meta name=\"twitter:label1\" content=\"Est. reading time\" \/>\n\t<meta name=\"twitter:data1\" content=\"1 minuta\" \/>\n<script type=\"application\/ld+json\" class=\"yoast-schema-graph\">{\"@context\":\"https:\\\/\\\/schema.org\",\"@graph\":[{\"@type\":\"WebPage\",\"@id\":\"https:\\\/\\\/gsajdovscina.si\\\/?page_id=6787\",\"url\":\"https:\\\/\\\/gsajdovscina.si\\\/?page_id=6787\",\"name\":\"Napovednik - Glasbena \u0161ola Ajdov\u0161\u010dina\",\"isPartOf\":{\"@id\":\"https:\\\/\\\/gsajdovscina.si\\\/#website\"},\"datePublished\":\"2025-10-22T07:59:24+00:00\",\"dateModified\":\"2026-05-15T08:42:07+00:00\",\"breadcrumb\":{\"@id\":\"https:\\\/\\\/gsajdovscina.si\\\/?page_id=6787#breadcrumb\"},\"inLanguage\":\"sl-SI\",\"potentialAction\":[{\"@type\":\"ReadAction\",\"target\":[\"https:\\\/\\\/gsajdovscina.si\\\/?page_id=6787\"]}]},{\"@type\":\"BreadcrumbList\",\"@id\":\"https:\\\/\\\/gsajdovscina.si\\\/?page_id=6787#breadcrumb\",\"itemListElement\":[{\"@type\":\"ListItem\",\"position\":1,\"name\":\"Home\",\"item\":\"https:\\\/\\\/gsajdovscina.si\\\/\"},{\"@type\":\"ListItem\",\"position\":2,\"name\":\"Napovednik\"}]},{\"@type\":\"WebSite\",\"@id\":\"https:\\\/\\\/gsajdovscina.si\\\/#website\",\"url\":\"https:\\\/\\\/gsajdovscina.si\\\/\",\"name\":\"Glasbena \u0161ola Ajdov\u0161\u010dina\",\"description\":\"\",\"potentialAction\":[{\"@type\":\"SearchAction\",\"target\":{\"@type\":\"EntryPoint\",\"urlTemplate\":\"https:\\\/\\\/gsajdovscina.si\\\/?s={search_term_string}\"},\"query-input\":{\"@type\":\"PropertyValueSpecification\",\"valueRequired\":true,\"valueName\":\"search_term_string\"}}],\"inLanguage\":\"sl-SI\"}]}<\/script>\n<!-- \/ Yoast SEO plugin. -->","yoast_head_json":{"title":"Napovednik - Glasbena \u0161ola Ajdov\u0161\u010dina","robots":{"index":"index","follow":"follow","max-snippet":"max-snippet:-1","max-image-preview":"max-image-preview:large","max-video-preview":"max-video-preview:-1"},"canonical":"https:\/\/gsajdovscina.si\/?page_id=6787","og_locale":"sl_SI","og_type":"article","og_title":"Napovednik - Glasbena \u0161ola Ajdov\u0161\u010dina","og_description":"Vabljeni, da se udele\u017eite nastopov na\u0161ih u\u010dencev v \u0161oli in zunaj nje. Utrinke s posameznih prireditev poi\u0161\u010dite na straneh:","og_url":"https:\/\/gsajdovscina.si\/?page_id=6787","og_site_name":"Glasbena \u0161ola Ajdov\u0161\u010dina","article_modified_time":"2026-05-15T08:42:07+00:00","twitter_card":"summary_large_image","twitter_misc":{"Est. reading time":"1 minuta"},"schema":{"@context":"https:\/\/schema.org","@graph":[{"@type":"WebPage","@id":"https:\/\/gsajdovscina.si\/?page_id=6787","url":"https:\/\/gsajdovscina.si\/?page_id=6787","name":"Napovednik - Glasbena \u0161ola Ajdov\u0161\u010dina","isPartOf":{"@id":"https:\/\/gsajdovscina.si\/#website"},"datePublished":"2025-10-22T07:59:24+00:00","dateModified":"2026-05-15T08:42:07+00:00","breadcrumb":{"@id":"https:\/\/gsajdovscina.si\/?page_id=6787#breadcrumb"},"inLanguage":"sl-SI","potentialAction":[{"@type":"ReadAction","target":["https:\/\/gsajdovscina.si\/?page_id=6787"]}]},{"@type":"BreadcrumbList","@id":"https:\/\/gsajdovscina.si\/?page_id=6787#breadcrumb","itemListElement":[{"@type":"ListItem","position":1,"name":"Home","item":"https:\/\/gsajdovscina.si\/"},{"@type":"ListItem","position":2,"name":"Napovednik"}]},{"@type":"WebSite","@id":"https:\/\/gsajdovscina.si\/#website","url":"https:\/\/gsajdovscina.si\/","name":"Glasbena \u0161ola Ajdov\u0161\u010dina","description":"","potentialAction":[{"@type":"SearchAction","target":{"@type":"EntryPoint","urlTemplate":"https:\/\/gsajdovscina.si\/?s={search_term_string}"},"query-input":{"@type":"PropertyValueSpecification","valueRequired":true,"valueName":"search_term_string"}}],"inLanguage":"sl-SI"}]}},"_links":{"self":[{"href":"https:\/\/gsajdovscina.si\/index.php?rest_route=\/wp\/v2\/pages\/6787","targetHints":{"allow":["GET"]}}],"collection":[{"href":"https:\/\/gsajdovscina.si\/index.php?rest_route=\/wp\/v2\/pages"}],"about":[{"href":"https:\/\/gsajdovscina.si\/index.php?rest_route=\/wp\/v2\/types\/page"}],"author":[{"embeddable":true,"href":"https:\/\/gsajdovscina.si\/index.php?rest_route=\/wp\/v2\/users\/3"}],"replies":[{"embeddable":true,"href":"https:\/\/gsajdovscina.si\/index.php?rest_route=%2Fwp%2Fv2%2Fcomments&post=6787"}],"version-history":[{"count":142,"href":"https:\/\/gsajdovscina.si\/index.php?rest_route=\/wp\/v2\/pages\/6787\/revisions"}],"predecessor-version":[{"id":9097,"href":"https:\/\/gsajdovscina.si\/index.php?rest_route=\/wp\/v2\/pages\/6787\/revisions\/9097"}],"wp:attachment":[{"href":"https:\/\/gsajdovscina.si\/index.php?rest_route=%2Fwp%2Fv2%2Fmedia&parent=6787"}],"curies":[{"name":"wp","href":"https:\/\/api.w.org\/{rel}","templated":true}]}}