{"id":3150,"date":"2024-06-30T20:14:40","date_gmt":"2024-06-30T18:14:40","guid":{"rendered":"https:\/\/gsajdovscina.si\/?page_id=3150"},"modified":"2025-11-12T11:25:06","modified_gmt":"2025-11-12T10:25:06","slug":"urnik-skupinskega-pouka-2024-2025","status":"publish","type":"page","link":"https:\/\/gsajdovscina.si\/?page_id=3150","title":{"rendered":"URNIK skupinskega pouka 2025\/2026"},"content":{"rendered":"<p>[et_pb_section fb_built=&#8221;1&#8243; _builder_version=&#8221;4.25.2&#8243; _module_preset=&#8221;default&#8221; background_color=&#8221;RGBA(255,255,255,0)&#8221; global_colors_info=&#8221;{}&#8221;][et_pb_row _builder_version=&#8221;4.25.2&#8243; _module_preset=&#8221;default&#8221; global_colors_info=&#8221;{}&#8221;][et_pb_column type=&#8221;4_4&#8243; _builder_version=&#8221;4.25.2&#8243; _module_preset=&#8221;default&#8221; global_colors_info=&#8221;{}&#8221;][et_pb_image src=&#8221;https:\/\/gsajdovscina.si\/wp-content\/uploads\/2025\/09\/URNIK-20252026-4.png&#8221; title_text=&#8221;URNIK 20252026 (4)&#8221; _builder_version=&#8221;4.27.4&#8243; _module_preset=&#8221;default&#8221; global_colors_info=&#8221;{}&#8221;][\/et_pb_image][et_pb_image src=&#8221;https:\/\/gsajdovscina.si\/wp-content\/uploads\/2025\/06\/balet.png&#8221; title_text=&#8221;balet&#8221; _builder_version=&#8221;4.27.4&#8243; _module_preset=&#8221;default&#8221; global_colors_info=&#8221;{}&#8221;][\/et_pb_image][et_pb_image src=&#8221;https:\/\/gsajdovscina.si\/wp-content\/uploads\/2025\/06\/koledar.png&#8221; title_text=&#8221;koledar&#8221; url=&#8221;https:\/\/www.gov.si\/teme\/solski-koledar-v-glasbenem-izobrazevanju\/&#8221; url_new_window=&#8221;on&#8221; _builder_version=&#8221;4.27.4&#8243; _module_preset=&#8221;default&#8221; global_colors_info=&#8221;{}&#8221;][\/et_pb_image][et_pb_image src=&#8221;https:\/\/gsajdovscina.si\/wp-content\/uploads\/2025\/11\/Solski-in-javni-nastopi-2.png&#8221; title_text=&#8221;\u0160olski in javni nastopi (2)&#8221; _builder_version=&#8221;4.27.4&#8243; _module_preset=&#8221;default&#8221; hover_enabled=&#8221;0&#8243; global_colors_info=&#8221;{}&#8221; sticky_enabled=&#8221;0&#8243;][\/et_pb_image][\/et_pb_column][\/et_pb_row][\/et_pb_section]<\/p>\n","protected":false},"excerpt":{"rendered":"","protected":false},"author":3,"featured_media":0,"parent":0,"menu_order":0,"comment_status":"closed","ping_status":"closed","template":"","meta":{"_et_pb_use_builder":"on","_et_pb_old_content":"","_et_gb_content_width":"","footnotes":""},"class_list":["post-3150","page","type-page","status-publish","hentry"],"yoast_head":"<!-- This site is optimized with the Yoast SEO plugin v27.6 - https:\/\/yoast.com\/product\/yoast-seo-wordpress\/ -->\n<title>URNIK skupinskega pouka 2025\/2026 Glasbena \u0161ola Ajdov\u0161\u010dina - Glasbena \u0161ola Ajdov\u0161\u010dina<\/title>\n<meta name=\"robots\" content=\"index, follow, max-snippet:-1, max-image-preview:large, max-video-preview:-1\" \/>\n<link rel=\"canonical\" href=\"https:\/\/gsajdovscina.si\/?page_id=3150\" \/>\n<meta property=\"og:locale\" content=\"sl_SI\" \/>\n<meta property=\"og:type\" content=\"article\" \/>\n<meta property=\"og:title\" content=\"URNIK skupinskega pouka 2025\/2026 Glasbena \u0161ola Ajdov\u0161\u010dina - Glasbena \u0161ola Ajdov\u0161\u010dina\" \/>\n<meta property=\"og:url\" content=\"https:\/\/gsajdovscina.si\/?page_id=3150\" \/>\n<meta property=\"og:site_name\" content=\"Glasbena \u0161ola Ajdov\u0161\u010dina\" \/>\n<meta property=\"article:modified_time\" content=\"2025-11-12T10:25:06+00:00\" \/>\n<meta name=\"twitter:card\" content=\"summary_large_image\" \/>\n<meta name=\"twitter:label1\" content=\"Est. reading time\" \/>\n\t<meta name=\"twitter:data1\" content=\"1 minuta\" \/>\n<script type=\"application\/ld+json\" class=\"yoast-schema-graph\">{\"@context\":\"https:\\\/\\\/schema.org\",\"@graph\":[{\"@type\":\"WebPage\",\"@id\":\"https:\\\/\\\/gsajdovscina.si\\\/?page_id=3150\",\"url\":\"https:\\\/\\\/gsajdovscina.si\\\/?page_id=3150\",\"name\":\"URNIK skupinskega pouka 2025\\\/2026 Glasbena \u0161ola Ajdov\u0161\u010dina - Glasbena \u0161ola Ajdov\u0161\u010dina\",\"isPartOf\":{\"@id\":\"https:\\\/\\\/gsajdovscina.si\\\/#website\"},\"datePublished\":\"2024-06-30T18:14:40+00:00\",\"dateModified\":\"2025-11-12T10:25:06+00:00\",\"breadcrumb\":{\"@id\":\"https:\\\/\\\/gsajdovscina.si\\\/?page_id=3150#breadcrumb\"},\"inLanguage\":\"sl-SI\",\"potentialAction\":[{\"@type\":\"ReadAction\",\"target\":[\"https:\\\/\\\/gsajdovscina.si\\\/?page_id=3150\"]}]},{\"@type\":\"BreadcrumbList\",\"@id\":\"https:\\\/\\\/gsajdovscina.si\\\/?page_id=3150#breadcrumb\",\"itemListElement\":[{\"@type\":\"ListItem\",\"position\":1,\"name\":\"Home\",\"item\":\"https:\\\/\\\/gsajdovscina.si\\\/\"},{\"@type\":\"ListItem\",\"position\":2,\"name\":\"URNIK skupinskega pouka 2025\\\/2026\"}]},{\"@type\":\"WebSite\",\"@id\":\"https:\\\/\\\/gsajdovscina.si\\\/#website\",\"url\":\"https:\\\/\\\/gsajdovscina.si\\\/\",\"name\":\"Glasbena \u0161ola Ajdov\u0161\u010dina\",\"description\":\"\",\"potentialAction\":[{\"@type\":\"SearchAction\",\"target\":{\"@type\":\"EntryPoint\",\"urlTemplate\":\"https:\\\/\\\/gsajdovscina.si\\\/?s={search_term_string}\"},\"query-input\":{\"@type\":\"PropertyValueSpecification\",\"valueRequired\":true,\"valueName\":\"search_term_string\"}}],\"inLanguage\":\"sl-SI\"}]}<\/script>\n<!-- \/ Yoast SEO plugin. -->","yoast_head_json":{"title":"URNIK skupinskega pouka 2025\/2026 Glasbena \u0161ola Ajdov\u0161\u010dina - Glasbena \u0161ola Ajdov\u0161\u010dina","robots":{"index":"index","follow":"follow","max-snippet":"max-snippet:-1","max-image-preview":"max-image-preview:large","max-video-preview":"max-video-preview:-1"},"canonical":"https:\/\/gsajdovscina.si\/?page_id=3150","og_locale":"sl_SI","og_type":"article","og_title":"URNIK skupinskega pouka 2025\/2026 Glasbena \u0161ola Ajdov\u0161\u010dina - Glasbena \u0161ola Ajdov\u0161\u010dina","og_url":"https:\/\/gsajdovscina.si\/?page_id=3150","og_site_name":"Glasbena \u0161ola Ajdov\u0161\u010dina","article_modified_time":"2025-11-12T10:25:06+00:00","twitter_card":"summary_large_image","twitter_misc":{"Est. reading time":"1 minuta"},"schema":{"@context":"https:\/\/schema.org","@graph":[{"@type":"WebPage","@id":"https:\/\/gsajdovscina.si\/?page_id=3150","url":"https:\/\/gsajdovscina.si\/?page_id=3150","name":"URNIK skupinskega pouka 2025\/2026 Glasbena \u0161ola Ajdov\u0161\u010dina - Glasbena \u0161ola Ajdov\u0161\u010dina","isPartOf":{"@id":"https:\/\/gsajdovscina.si\/#website"},"datePublished":"2024-06-30T18:14:40+00:00","dateModified":"2025-11-12T10:25:06+00:00","breadcrumb":{"@id":"https:\/\/gsajdovscina.si\/?page_id=3150#breadcrumb"},"inLanguage":"sl-SI","potentialAction":[{"@type":"ReadAction","target":["https:\/\/gsajdovscina.si\/?page_id=3150"]}]},{"@type":"BreadcrumbList","@id":"https:\/\/gsajdovscina.si\/?page_id=3150#breadcrumb","itemListElement":[{"@type":"ListItem","position":1,"name":"Home","item":"https:\/\/gsajdovscina.si\/"},{"@type":"ListItem","position":2,"name":"URNIK skupinskega pouka 2025\/2026"}]},{"@type":"WebSite","@id":"https:\/\/gsajdovscina.si\/#website","url":"https:\/\/gsajdovscina.si\/","name":"Glasbena \u0161ola Ajdov\u0161\u010dina","description":"","potentialAction":[{"@type":"SearchAction","target":{"@type":"EntryPoint","urlTemplate":"https:\/\/gsajdovscina.si\/?s={search_term_string}"},"query-input":{"@type":"PropertyValueSpecification","valueRequired":true,"valueName":"search_term_string"}}],"inLanguage":"sl-SI"}]}},"_links":{"self":[{"href":"https:\/\/gsajdovscina.si\/index.php?rest_route=\/wp\/v2\/pages\/3150","targetHints":{"allow":["GET"]}}],"collection":[{"href":"https:\/\/gsajdovscina.si\/index.php?rest_route=\/wp\/v2\/pages"}],"about":[{"href":"https:\/\/gsajdovscina.si\/index.php?rest_route=\/wp\/v2\/types\/page"}],"author":[{"embeddable":true,"href":"https:\/\/gsajdovscina.si\/index.php?rest_route=\/wp\/v2\/users\/3"}],"replies":[{"embeddable":true,"href":"https:\/\/gsajdovscina.si\/index.php?rest_route=%2Fwp%2Fv2%2Fcomments&post=3150"}],"version-history":[{"count":52,"href":"https:\/\/gsajdovscina.si\/index.php?rest_route=\/wp\/v2\/pages\/3150\/revisions"}],"predecessor-version":[{"id":6900,"href":"https:\/\/gsajdovscina.si\/index.php?rest_route=\/wp\/v2\/pages\/3150\/revisions\/6900"}],"wp:attachment":[{"href":"https:\/\/gsajdovscina.si\/index.php?rest_route=%2Fwp%2Fv2%2Fmedia&parent=3150"}],"curies":[{"name":"wp","href":"https:\/\/api.w.org\/{rel}","templated":true}]}}