{"id":2263,"date":"2024-04-12T09:42:36","date_gmt":"2024-04-12T07:42:36","guid":{"rendered":"https:\/\/gsajdovscina.si\/?page_id=2263"},"modified":"2026-05-12T09:08:37","modified_gmt":"2026-05-12T07:08:37","slug":"samodejni-osnutek","status":"publish","type":"page","link":"https:\/\/gsajdovscina.si\/?page_id=2263","title":{"rendered":"TEKMOVANJA"},"content":{"rendered":"<p>[et_pb_section fb_built=&#8221;1&#8243; _builder_version=&#8221;4.23&#8243; _module_preset=&#8221;default&#8221; global_colors_info=&#8221;{}&#8221;][et_pb_row column_structure=&#8221;1_2,1_2&#8243; _builder_version=&#8221;4.23&#8243; _module_preset=&#8221;default&#8221; global_colors_info=&#8221;{}&#8221;][et_pb_column type=&#8221;1_2&#8243; _builder_version=&#8221;4.23&#8243; _module_preset=&#8221;default&#8221; global_colors_info=&#8221;{}&#8221;][et_pb_heading title=&#8221;TEKMOVANJA v \u0161olskem letu 2025\/2026&#8243; _builder_version=&#8221;4.27.5&#8243; _module_preset=&#8221;default&#8221; custom_margin=&#8221;|-135px||||&#8221; global_colors_info=&#8221;{}&#8221;][\/et_pb_heading][et_pb_text _builder_version=&#8221;4.27.6&#8243; _module_preset=&#8221;default&#8221; link_option_url=&#8221;https:\/\/gsajdovscina.si\/?p=9061&#8243; hover_enabled=&#8221;0&#8243; global_colors_info=&#8221;{}&#8221; sticky_enabled=&#8221;0&#8243;]<\/p>\n<p>Mednarodno tekmovanje UNESCO mesta Palmanova (I)<\/p>\n<p>[\/et_pb_text][et_pb_text _builder_version=&#8221;4.27.6&#8243; _module_preset=&#8221;default&#8221; link_option_url=&#8221;https:\/\/gsajdovscina.si\/?p=8996&#8243; hover_enabled=&#8221;0&#8243; global_colors_info=&#8221;{}&#8221; sticky_enabled=&#8221;0&#8243;]<\/p>\n<p>Mednarodno tekmovanje GIOVANI TALENTI &#8211; Mladi talenti mesta Gorica (I)<\/p>\n<p>[\/et_pb_text][et_pb_text _builder_version=&#8221;4.27.6&#8243; _module_preset=&#8221;default&#8221; hover_enabled=&#8221;0&#8243; global_colors_info=&#8221;{}&#8221; sticky_enabled=&#8221;0&#8243;]<\/p>\n<p>7. Mednarodno tekmovanje Dru\u0161tva harfistov Slovenije, Velenje<\/p>\n<p>[\/et_pb_text][et_pb_text _builder_version=&#8221;4.27.6&#8243; _module_preset=&#8221;default&#8221; link_option_url=&#8221;https:\/\/gsajdovscina.si\/?p=8658&#8243; global_colors_info=&#8221;{}&#8221;]<\/p>\n<p>Mednarodno tekmovanje Musica Goritiensis, Gorica (I)<\/p>\n<p>[\/et_pb_text][et_pb_text _builder_version=&#8221;4.27.5&#8243; _module_preset=&#8221;default&#8221; link_option_url=&#8221;https:\/\/gsajdovscina.si\/?p=8278&#8243; global_colors_info=&#8221;{}&#8221;]<\/p>\n<p>55. Tekmovanje mladih glasbenikov Republike Slovenije &#8211; TEMSIG, Ljubljana<\/p>\n<p>[\/et_pb_text][et_pb_text _builder_version=&#8221;4.27.6&#8243; _module_preset=&#8221;default&#8221; link_option_url=&#8221;https:\/\/gsajdovscina.si\/?p=8267&#8243; global_colors_info=&#8221;{}&#8221;]<\/p>\n<p>Regijsko tekmovanje mladih harmonikarjev primorskih glasbenih \u0161ol, Postojna<\/p>\n<p>[\/et_pb_text][et_pb_text _builder_version=&#8221;4.27.5&#8243; _module_preset=&#8221;default&#8221; link_option_url=&#8221;https:\/\/gsajdovscina.si\/?p=7054&#8243; global_colors_info=&#8221;{}&#8221;]<\/p>\n<p>4. tekmovanje godalcev Fermata, Videm &#8211; Dobrepolje<\/p>\n<p>[\/et_pb_text][et_pb_text _builder_version=&#8221;4.27.6&#8243; _module_preset=&#8221;default&#8221; link_option_url=&#8221;https:\/\/gsajdovscina.si\/?p=8703&#8243; global_colors_info=&#8221;{}&#8221;]<\/p>\n<p>1. tekmovanje violinistov in kontrabasistov Con brio, Koper<\/p>\n<p>[\/et_pb_text][et_pb_divider _builder_version=&#8221;4.27.0&#8243; _module_preset=&#8221;default&#8221; global_colors_info=&#8221;{}&#8221;][\/et_pb_divider][et_pb_heading title=&#8221;TEKMOVANJA v \u0161olskem letu 2024\/2025&#8243; _builder_version=&#8221;4.27.0&#8243; _module_preset=&#8221;default&#8221; custom_margin=&#8221;|-135px||||&#8221; global_colors_info=&#8221;{}&#8221;][\/et_pb_heading][et_pb_text _builder_version=&#8221;4.27.4&#8243; _module_preset=&#8221;default&#8221; link_option_url=&#8221;https:\/\/gsajdovscina.si\/?p=5490&#8243; global_colors_info=&#8221;{}&#8221;]<\/p>\n<p>Koro\u0161ko klavirsko tekmovanje, Radlje ob Dravi<\/p>\n<p>[\/et_pb_text][et_pb_text _builder_version=&#8221;4.27.4&#8243; _module_preset=&#8221;default&#8221; link_option_url=&#8221;https:\/\/gsajdovscina.si\/?p=5354&#8243; global_colors_info=&#8221;{}&#8221;]<\/p>\n<p>Mednarodno tekmovanje Bolero, Muta<\/p>\n<p>[\/et_pb_text][et_pb_text _builder_version=&#8221;4.27.4&#8243; _module_preset=&#8221;default&#8221; link_option_url=&#8221;https:\/\/gsajdovscina.si\/?p=4924&#8243; global_colors_info=&#8221;{}&#8221;]<\/p>\n<p>22. mednarodno tekmovanje Altamira Gorizia Quitar Competition, Gorica (I)<\/p>\n<p>[\/et_pb_text][et_pb_text _builder_version=&#8221;4.27.4&#8243; _module_preset=&#8221;default&#8221; link_option_url=&#8221;https:\/\/gsajdovscina.si\/?p=4913&#8243; global_colors_info=&#8221;{}&#8221;]<\/p>\n<p>Mednarodno glasbeno tekmovanje Toma\u017e Holmar, Naborjet (I)<\/p>\n<p>[\/et_pb_text][et_pb_text _builder_version=&#8221;4.27.4&#8243; _module_preset=&#8221;default&#8221; link_option_url=&#8221;https:\/\/gsajdovscina.si\/?p=4868&#8243; global_colors_info=&#8221;{}&#8221;]<\/p>\n<p>Revija pevcev ZPG\u0160<\/p>\n<p>[\/et_pb_text][et_pb_text _builder_version=&#8221;4.27.4&#8243; _module_preset=&#8221;default&#8221; link_option_url=&#8221;https:\/\/gsajdovscina.si\/?p=4832&#8243; global_colors_info=&#8221;{}&#8221;]<\/p>\n<p>Klavirsko tekmovanje G\u0160 Logatec<\/p>\n<p>[\/et_pb_text][et_pb_text _builder_version=&#8221;4.27.4&#8243; _module_preset=&#8221;default&#8221; link_option_url=&#8221;https:\/\/gsajdovscina.si\/?p=4751&#8243; global_colors_info=&#8221;{}&#8221;]<\/p>\n<p>2. Mednarodno tekmovanje mladih glasbenikov ICYM<\/p>\n<p>[\/et_pb_text][et_pb_text _builder_version=&#8221;4.27.4&#8243; _module_preset=&#8221;default&#8221; link_option_url=&#8221;https:\/\/gsajdovscina.si\/?p=4669&#8243; global_colors_info=&#8221;{}&#8221;]<\/p>\n<p>Dnevi kitare 2025, Kr\u0161ko<\/p>\n<p>[\/et_pb_text][et_pb_text _builder_version=&#8221;4.27.4&#8243; _module_preset=&#8221;default&#8221; link_option_url=&#8221;https:\/\/gsajdovscina.si\/?p=4635&#8243; global_colors_info=&#8221;{}&#8221;]<\/p>\n<p>3. Mednarodno tekmovanje Matije Bravni\u010darja, Logatec<\/p>\n<p>[\/et_pb_text][et_pb_text _builder_version=&#8221;4.27.4&#8243; _module_preset=&#8221;default&#8221; link_option_url=&#8221;https:\/\/gsajdovscina.si\/?p=4497&#8243; global_colors_info=&#8221;{}&#8221;]<\/p>\n<p>Mednarodno tekmovanje pihalcev Vara\u017edin Woodwind &amp; Brass 2025 (HR)<\/p>\n<p>[\/et_pb_text][et_pb_text _builder_version=&#8221;4.27.4&#8243; _module_preset=&#8221;default&#8221; link_option_url=&#8221;https:\/\/gsajdovscina.si\/?p=4297&#8243; global_colors_info=&#8221;{}&#8221;]<\/p>\n<p>54. dr\u017eavno tekmovanje mladih glasbenikov Slovenije TEMSIG<\/p>\n<p>[\/et_pb_text][et_pb_text _builder_version=&#8221;4.27.4&#8243; _module_preset=&#8221;default&#8221; link_option_url=&#8221;https:\/\/gsajdovscina.si\/?p=4363&#8243; global_colors_info=&#8221;{}&#8221;]<\/p>\n<p>1. mednarodno tekmovanje za harfo &#8220;ADRIATIC&#8221;, TRST (I)<\/p>\n<p>[\/et_pb_text][et_pb_text _builder_version=&#8221;4.27.4&#8243; _module_preset=&#8221;default&#8221; link_option_url=&#8221;https:\/\/gsajdovscina.si\/?p=3570&#8243; global_colors_info=&#8221;{}&#8221;]<\/p>\n<p>19. mednarodno tekmovanje ARS NOVA v Trstu (I)<\/p>\n<p>[\/et_pb_text][\/et_pb_column][et_pb_column type=&#8221;1_2&#8243; _builder_version=&#8221;4.23&#8243; _module_preset=&#8221;default&#8221; global_colors_info=&#8221;{}&#8221;][et_pb_image src=&#8221;https:\/\/gsajdovscina.si\/wp-content\/uploads\/2026\/03\/Zala-Fabcic.jpg&#8221; title_text=&#8221;Zala Fab\u010di\u010d&#8221; _builder_version=&#8221;4.27.6&#8243; _module_preset=&#8221;default&#8221; width=&#8221;94.1%&#8221; custom_margin=&#8221;||-2px|||&#8221; custom_padding=&#8221;||0px|||&#8221; global_colors_info=&#8221;{}&#8221;][\/et_pb_image][et_pb_text _builder_version=&#8221;4.27.6&#8243; _module_preset=&#8221;default&#8221; global_colors_info=&#8221;{}&#8221;]<\/p>\n<p><em>Zala Fab\u010di\u010d, zlata plaketa in 2. nagrada na Tekmovnaju mladih glasbenikov Republike Slovenije &#8211; TEMSIG<\/em><\/p>\n<p>[\/et_pb_text][et_pb_heading title=&#8221;\u010cestitamo!&#8221; _builder_version=&#8221;4.27.4&#8243; _module_preset=&#8221;default&#8221; global_colors_info=&#8221;{}&#8221;][\/et_pb_heading][\/et_pb_column][\/et_pb_row][\/et_pb_section]<\/p>\n","protected":false},"excerpt":{"rendered":"<p>Mednarodno tekmovanje UNESCO mesta Palmanova (I)Mednarodno tekmovanje GIOVANI TALENTI &#8211; Mladi talenti mesta Gorica (I)7. Mednarodno tekmovanje Dru\u0161tva harfistov Slovenije, VelenjeMednarodno tekmovanje Musica Goritiensis, Gorica (I)55. Tekmovanje mladih glasbenikov Republike Slovenije &#8211; TEMSIG, LjubljanaRegijsko tekmovanje mladih harmonikarjev primorskih glasbenih \u0161ol, Postojna4. tekmovanje godalcev Fermata, Videm &#8211; Dobrepolje1. tekmovanje violinistov in kontrabasistov Con brio, KoperKoro\u0161ko klavirsko [&hellip;]<\/p>\n","protected":false},"author":3,"featured_media":0,"parent":0,"menu_order":0,"comment_status":"closed","ping_status":"closed","template":"","meta":{"_et_pb_use_builder":"on","_et_pb_old_content":"","_et_gb_content_width":"","footnotes":""},"class_list":["post-2263","page","type-page","status-publish","hentry"],"yoast_head":"<!-- This site is optimized with the Yoast SEO plugin v27.6 - https:\/\/yoast.com\/product\/yoast-seo-wordpress\/ -->\n<title>TEKMOVANJA - Glasbena \u0161ola Ajdov\u0161\u010dina<\/title>\n<meta name=\"robots\" content=\"index, follow, max-snippet:-1, max-image-preview:large, max-video-preview:-1\" \/>\n<link rel=\"canonical\" href=\"https:\/\/gsajdovscina.si\/?page_id=2263\" \/>\n<meta property=\"og:locale\" content=\"sl_SI\" \/>\n<meta property=\"og:type\" content=\"article\" \/>\n<meta property=\"og:title\" content=\"TEKMOVANJA - Glasbena \u0161ola Ajdov\u0161\u010dina\" \/>\n<meta property=\"og:description\" content=\"Mednarodno tekmovanje UNESCO mesta Palmanova (I)Mednarodno tekmovanje GIOVANI TALENTI - Mladi talenti mesta Gorica (I)7. Mednarodno tekmovanje Dru\u0161tva harfistov Slovenije, VelenjeMednarodno tekmovanje Musica Goritiensis, Gorica (I)55. Tekmovanje mladih glasbenikov Republike Slovenije - TEMSIG, LjubljanaRegijsko tekmovanje mladih harmonikarjev primorskih glasbenih \u0161ol, Postojna4. tekmovanje godalcev Fermata, Videm - Dobrepolje1. tekmovanje violinistov in kontrabasistov Con brio, KoperKoro\u0161ko klavirsko [&hellip;]\" \/>\n<meta property=\"og:url\" content=\"https:\/\/gsajdovscina.si\/?page_id=2263\" \/>\n<meta property=\"og:site_name\" content=\"Glasbena \u0161ola Ajdov\u0161\u010dina\" \/>\n<meta property=\"article:modified_time\" content=\"2026-05-12T07:08:37+00:00\" \/>\n<meta name=\"twitter:card\" content=\"summary_large_image\" \/>\n<meta name=\"twitter:label1\" content=\"Est. reading time\" \/>\n\t<meta name=\"twitter:data1\" content=\"1 minuta\" \/>\n<script type=\"application\/ld+json\" class=\"yoast-schema-graph\">{\"@context\":\"https:\\\/\\\/schema.org\",\"@graph\":[{\"@type\":\"WebPage\",\"@id\":\"https:\\\/\\\/gsajdovscina.si\\\/?page_id=2263\",\"url\":\"https:\\\/\\\/gsajdovscina.si\\\/?page_id=2263\",\"name\":\"TEKMOVANJA - Glasbena \u0161ola Ajdov\u0161\u010dina\",\"isPartOf\":{\"@id\":\"https:\\\/\\\/gsajdovscina.si\\\/#website\"},\"datePublished\":\"2024-04-12T07:42:36+00:00\",\"dateModified\":\"2026-05-12T07:08:37+00:00\",\"breadcrumb\":{\"@id\":\"https:\\\/\\\/gsajdovscina.si\\\/?page_id=2263#breadcrumb\"},\"inLanguage\":\"sl-SI\",\"potentialAction\":[{\"@type\":\"ReadAction\",\"target\":[\"https:\\\/\\\/gsajdovscina.si\\\/?page_id=2263\"]}]},{\"@type\":\"BreadcrumbList\",\"@id\":\"https:\\\/\\\/gsajdovscina.si\\\/?page_id=2263#breadcrumb\",\"itemListElement\":[{\"@type\":\"ListItem\",\"position\":1,\"name\":\"Home\",\"item\":\"https:\\\/\\\/gsajdovscina.si\\\/\"},{\"@type\":\"ListItem\",\"position\":2,\"name\":\"TEKMOVANJA\"}]},{\"@type\":\"WebSite\",\"@id\":\"https:\\\/\\\/gsajdovscina.si\\\/#website\",\"url\":\"https:\\\/\\\/gsajdovscina.si\\\/\",\"name\":\"Glasbena \u0161ola Ajdov\u0161\u010dina\",\"description\":\"\",\"potentialAction\":[{\"@type\":\"SearchAction\",\"target\":{\"@type\":\"EntryPoint\",\"urlTemplate\":\"https:\\\/\\\/gsajdovscina.si\\\/?s={search_term_string}\"},\"query-input\":{\"@type\":\"PropertyValueSpecification\",\"valueRequired\":true,\"valueName\":\"search_term_string\"}}],\"inLanguage\":\"sl-SI\"}]}<\/script>\n<!-- \/ Yoast SEO plugin. -->","yoast_head_json":{"title":"TEKMOVANJA - Glasbena \u0161ola Ajdov\u0161\u010dina","robots":{"index":"index","follow":"follow","max-snippet":"max-snippet:-1","max-image-preview":"max-image-preview:large","max-video-preview":"max-video-preview:-1"},"canonical":"https:\/\/gsajdovscina.si\/?page_id=2263","og_locale":"sl_SI","og_type":"article","og_title":"TEKMOVANJA - Glasbena \u0161ola Ajdov\u0161\u010dina","og_description":"Mednarodno tekmovanje UNESCO mesta Palmanova (I)Mednarodno tekmovanje GIOVANI TALENTI - Mladi talenti mesta Gorica (I)7. Mednarodno tekmovanje Dru\u0161tva harfistov Slovenije, VelenjeMednarodno tekmovanje Musica Goritiensis, Gorica (I)55. Tekmovanje mladih glasbenikov Republike Slovenije - TEMSIG, LjubljanaRegijsko tekmovanje mladih harmonikarjev primorskih glasbenih \u0161ol, Postojna4. tekmovanje godalcev Fermata, Videm - Dobrepolje1. tekmovanje violinistov in kontrabasistov Con brio, KoperKoro\u0161ko klavirsko [&hellip;]","og_url":"https:\/\/gsajdovscina.si\/?page_id=2263","og_site_name":"Glasbena \u0161ola Ajdov\u0161\u010dina","article_modified_time":"2026-05-12T07:08:37+00:00","twitter_card":"summary_large_image","twitter_misc":{"Est. reading time":"1 minuta"},"schema":{"@context":"https:\/\/schema.org","@graph":[{"@type":"WebPage","@id":"https:\/\/gsajdovscina.si\/?page_id=2263","url":"https:\/\/gsajdovscina.si\/?page_id=2263","name":"TEKMOVANJA - Glasbena \u0161ola Ajdov\u0161\u010dina","isPartOf":{"@id":"https:\/\/gsajdovscina.si\/#website"},"datePublished":"2024-04-12T07:42:36+00:00","dateModified":"2026-05-12T07:08:37+00:00","breadcrumb":{"@id":"https:\/\/gsajdovscina.si\/?page_id=2263#breadcrumb"},"inLanguage":"sl-SI","potentialAction":[{"@type":"ReadAction","target":["https:\/\/gsajdovscina.si\/?page_id=2263"]}]},{"@type":"BreadcrumbList","@id":"https:\/\/gsajdovscina.si\/?page_id=2263#breadcrumb","itemListElement":[{"@type":"ListItem","position":1,"name":"Home","item":"https:\/\/gsajdovscina.si\/"},{"@type":"ListItem","position":2,"name":"TEKMOVANJA"}]},{"@type":"WebSite","@id":"https:\/\/gsajdovscina.si\/#website","url":"https:\/\/gsajdovscina.si\/","name":"Glasbena \u0161ola Ajdov\u0161\u010dina","description":"","potentialAction":[{"@type":"SearchAction","target":{"@type":"EntryPoint","urlTemplate":"https:\/\/gsajdovscina.si\/?s={search_term_string}"},"query-input":{"@type":"PropertyValueSpecification","valueRequired":true,"valueName":"search_term_string"}}],"inLanguage":"sl-SI"}]}},"_links":{"self":[{"href":"https:\/\/gsajdovscina.si\/index.php?rest_route=\/wp\/v2\/pages\/2263","targetHints":{"allow":["GET"]}}],"collection":[{"href":"https:\/\/gsajdovscina.si\/index.php?rest_route=\/wp\/v2\/pages"}],"about":[{"href":"https:\/\/gsajdovscina.si\/index.php?rest_route=\/wp\/v2\/types\/page"}],"author":[{"embeddable":true,"href":"https:\/\/gsajdovscina.si\/index.php?rest_route=\/wp\/v2\/users\/3"}],"replies":[{"embeddable":true,"href":"https:\/\/gsajdovscina.si\/index.php?rest_route=%2Fwp%2Fv2%2Fcomments&post=2263"}],"version-history":[{"count":131,"href":"https:\/\/gsajdovscina.si\/index.php?rest_route=\/wp\/v2\/pages\/2263\/revisions"}],"predecessor-version":[{"id":9075,"href":"https:\/\/gsajdovscina.si\/index.php?rest_route=\/wp\/v2\/pages\/2263\/revisions\/9075"}],"wp:attachment":[{"href":"https:\/\/gsajdovscina.si\/index.php?rest_route=%2Fwp%2Fv2%2Fmedia&parent=2263"}],"curies":[{"name":"wp","href":"https:\/\/api.w.org\/{rel}","templated":true}]}}