{"id":1263,"date":"2023-11-16T10:36:50","date_gmt":"2023-11-16T09:36:50","guid":{"rendered":"https:\/\/gsajdovscina.si\/?page_id=1263"},"modified":"2025-10-07T11:35:15","modified_gmt":"2025-10-07T09:35:15","slug":"solska-publikacija-2023-2024","status":"publish","type":"page","link":"https:\/\/gsajdovscina.si\/?page_id=1263","title":{"rendered":"\u0160olska publikacija"},"content":{"rendered":"<p>[et_pb_section fb_built=&#8221;1&#8243; _builder_version=&#8221;4.27.0&#8243; _module_preset=&#8221;default&#8221; global_colors_info=&#8221;{}&#8221;][et_pb_row _builder_version=&#8221;4.27.0&#8243; _module_preset=&#8221;default&#8221; global_colors_info=&#8221;{}&#8221;][et_pb_column type=&#8221;4_4&#8243; _builder_version=&#8221;4.27.0&#8243; _module_preset=&#8221;default&#8221; global_colors_info=&#8221;{}&#8221;][et_pb_text _builder_version=&#8221;4.27.4&#8243; _module_preset=&#8221;default&#8221; global_colors_info=&#8221;{}&#8221;]<\/p>\n<p><em>U\u010dence in star\u0161e prijazno vabimo, da prelistate na\u0161o publikacijo za teko\u010de \u0161olsko leto.<\/em><\/p>\n<p>[\/et_pb_text][et_pb_button button_url=&#8221;https:\/\/gsajdovscina.si\/wp-content\/uploads\/2025\/10\/Publikacija-za-solsko-leto-2025-2026-1.pdf&#8221; url_new_window=&#8221;on&#8221; button_text=&#8221;PUBLIKACIJA 2025\/2026&#8243; _builder_version=&#8221;4.27.4&#8243; _module_preset=&#8221;default&#8221; hover_enabled=&#8221;0&#8243; box_shadow_style=&#8221;preset6&#8243; box_shadow_color=&#8221;#0C71C3&#8243; global_colors_info=&#8221;{}&#8221; sticky_enabled=&#8221;0&#8243;][\/et_pb_button][\/et_pb_column][\/et_pb_row][\/et_pb_section]<\/p>\n","protected":false},"excerpt":{"rendered":"<p>U\u010dence in star\u0161e prijazno vabimo, da prelistate na\u0161o publikacijo za teko\u010de \u0161olsko leto.<\/p>\n","protected":false},"author":3,"featured_media":0,"parent":0,"menu_order":0,"comment_status":"closed","ping_status":"closed","template":"","meta":{"_et_pb_use_builder":"on","_et_pb_old_content":"","_et_gb_content_width":"","footnotes":""},"class_list":["post-1263","page","type-page","status-publish","hentry"],"yoast_head":"<!-- This site is optimized with the Yoast SEO plugin v27.6 - https:\/\/yoast.com\/product\/yoast-seo-wordpress\/ -->\n<title>\u0160olska publikacija - Glasbena \u0161ola Ajdov\u0161\u010dina<\/title>\n<meta name=\"robots\" content=\"index, follow, max-snippet:-1, max-image-preview:large, max-video-preview:-1\" \/>\n<link rel=\"canonical\" href=\"https:\/\/gsajdovscina.si\/?page_id=1263\" \/>\n<meta property=\"og:locale\" content=\"sl_SI\" \/>\n<meta property=\"og:type\" content=\"article\" \/>\n<meta property=\"og:title\" content=\"\u0160olska publikacija - Glasbena \u0161ola Ajdov\u0161\u010dina\" \/>\n<meta property=\"og:description\" content=\"U\u010dence in star\u0161e prijazno vabimo, da prelistate na\u0161o publikacijo za teko\u010de \u0161olsko leto.\" \/>\n<meta property=\"og:url\" content=\"https:\/\/gsajdovscina.si\/?page_id=1263\" \/>\n<meta property=\"og:site_name\" content=\"Glasbena \u0161ola Ajdov\u0161\u010dina\" \/>\n<meta property=\"article:modified_time\" content=\"2025-10-07T09:35:15+00:00\" \/>\n<meta name=\"twitter:card\" content=\"summary_large_image\" \/>\n<meta name=\"twitter:label1\" content=\"Est. reading time\" \/>\n\t<meta name=\"twitter:data1\" content=\"1 minuta\" \/>\n<script type=\"application\/ld+json\" class=\"yoast-schema-graph\">{\"@context\":\"https:\\\/\\\/schema.org\",\"@graph\":[{\"@type\":\"WebPage\",\"@id\":\"https:\\\/\\\/gsajdovscina.si\\\/?page_id=1263\",\"url\":\"https:\\\/\\\/gsajdovscina.si\\\/?page_id=1263\",\"name\":\"\u0160olska publikacija - Glasbena \u0161ola Ajdov\u0161\u010dina\",\"isPartOf\":{\"@id\":\"https:\\\/\\\/gsajdovscina.si\\\/#website\"},\"datePublished\":\"2023-11-16T09:36:50+00:00\",\"dateModified\":\"2025-10-07T09:35:15+00:00\",\"breadcrumb\":{\"@id\":\"https:\\\/\\\/gsajdovscina.si\\\/?page_id=1263#breadcrumb\"},\"inLanguage\":\"sl-SI\",\"potentialAction\":[{\"@type\":\"ReadAction\",\"target\":[\"https:\\\/\\\/gsajdovscina.si\\\/?page_id=1263\"]}]},{\"@type\":\"BreadcrumbList\",\"@id\":\"https:\\\/\\\/gsajdovscina.si\\\/?page_id=1263#breadcrumb\",\"itemListElement\":[{\"@type\":\"ListItem\",\"position\":1,\"name\":\"Home\",\"item\":\"https:\\\/\\\/gsajdovscina.si\\\/\"},{\"@type\":\"ListItem\",\"position\":2,\"name\":\"\u0160olska publikacija\"}]},{\"@type\":\"WebSite\",\"@id\":\"https:\\\/\\\/gsajdovscina.si\\\/#website\",\"url\":\"https:\\\/\\\/gsajdovscina.si\\\/\",\"name\":\"Glasbena \u0161ola Ajdov\u0161\u010dina\",\"description\":\"\",\"potentialAction\":[{\"@type\":\"SearchAction\",\"target\":{\"@type\":\"EntryPoint\",\"urlTemplate\":\"https:\\\/\\\/gsajdovscina.si\\\/?s={search_term_string}\"},\"query-input\":{\"@type\":\"PropertyValueSpecification\",\"valueRequired\":true,\"valueName\":\"search_term_string\"}}],\"inLanguage\":\"sl-SI\"}]}<\/script>\n<!-- \/ Yoast SEO plugin. -->","yoast_head_json":{"title":"\u0160olska publikacija - Glasbena \u0161ola Ajdov\u0161\u010dina","robots":{"index":"index","follow":"follow","max-snippet":"max-snippet:-1","max-image-preview":"max-image-preview:large","max-video-preview":"max-video-preview:-1"},"canonical":"https:\/\/gsajdovscina.si\/?page_id=1263","og_locale":"sl_SI","og_type":"article","og_title":"\u0160olska publikacija - Glasbena \u0161ola Ajdov\u0161\u010dina","og_description":"U\u010dence in star\u0161e prijazno vabimo, da prelistate na\u0161o publikacijo za teko\u010de \u0161olsko leto.","og_url":"https:\/\/gsajdovscina.si\/?page_id=1263","og_site_name":"Glasbena \u0161ola Ajdov\u0161\u010dina","article_modified_time":"2025-10-07T09:35:15+00:00","twitter_card":"summary_large_image","twitter_misc":{"Est. reading time":"1 minuta"},"schema":{"@context":"https:\/\/schema.org","@graph":[{"@type":"WebPage","@id":"https:\/\/gsajdovscina.si\/?page_id=1263","url":"https:\/\/gsajdovscina.si\/?page_id=1263","name":"\u0160olska publikacija - Glasbena \u0161ola Ajdov\u0161\u010dina","isPartOf":{"@id":"https:\/\/gsajdovscina.si\/#website"},"datePublished":"2023-11-16T09:36:50+00:00","dateModified":"2025-10-07T09:35:15+00:00","breadcrumb":{"@id":"https:\/\/gsajdovscina.si\/?page_id=1263#breadcrumb"},"inLanguage":"sl-SI","potentialAction":[{"@type":"ReadAction","target":["https:\/\/gsajdovscina.si\/?page_id=1263"]}]},{"@type":"BreadcrumbList","@id":"https:\/\/gsajdovscina.si\/?page_id=1263#breadcrumb","itemListElement":[{"@type":"ListItem","position":1,"name":"Home","item":"https:\/\/gsajdovscina.si\/"},{"@type":"ListItem","position":2,"name":"\u0160olska publikacija"}]},{"@type":"WebSite","@id":"https:\/\/gsajdovscina.si\/#website","url":"https:\/\/gsajdovscina.si\/","name":"Glasbena \u0161ola Ajdov\u0161\u010dina","description":"","potentialAction":[{"@type":"SearchAction","target":{"@type":"EntryPoint","urlTemplate":"https:\/\/gsajdovscina.si\/?s={search_term_string}"},"query-input":{"@type":"PropertyValueSpecification","valueRequired":true,"valueName":"search_term_string"}}],"inLanguage":"sl-SI"}]}},"_links":{"self":[{"href":"https:\/\/gsajdovscina.si\/index.php?rest_route=\/wp\/v2\/pages\/1263","targetHints":{"allow":["GET"]}}],"collection":[{"href":"https:\/\/gsajdovscina.si\/index.php?rest_route=\/wp\/v2\/pages"}],"about":[{"href":"https:\/\/gsajdovscina.si\/index.php?rest_route=\/wp\/v2\/types\/page"}],"author":[{"embeddable":true,"href":"https:\/\/gsajdovscina.si\/index.php?rest_route=\/wp\/v2\/users\/3"}],"replies":[{"embeddable":true,"href":"https:\/\/gsajdovscina.si\/index.php?rest_route=%2Fwp%2Fv2%2Fcomments&post=1263"}],"version-history":[{"count":14,"href":"https:\/\/gsajdovscina.si\/index.php?rest_route=\/wp\/v2\/pages\/1263\/revisions"}],"predecessor-version":[{"id":6661,"href":"https:\/\/gsajdovscina.si\/index.php?rest_route=\/wp\/v2\/pages\/1263\/revisions\/6661"}],"wp:attachment":[{"href":"https:\/\/gsajdovscina.si\/index.php?rest_route=%2Fwp%2Fv2%2Fmedia&parent=1263"}],"curies":[{"name":"wp","href":"https:\/\/api.w.org\/{rel}","templated":true}]}}